{"id":170,"date":"2020-10-30T09:16:15","date_gmt":"2020-10-30T08:16:15","guid":{"rendered":"https:\/\/keepmesafe.click\/?page_id=170"},"modified":"2021-08-24T11:43:10","modified_gmt":"2021-08-24T09:43:10","slug":"section3","status":"publish","type":"page","link":"https:\/\/keepmesafe.click\/da\/section3\/","title":{"rendered":"\u00d8g opm\u00e6rksomheden og forhindre seksuelt misbrug"},"content":{"rendered":"<div class=\"translation-block\">\n<table style=\"border-collapse: collapse; width: 100%; height: 100%;\">\n<tbody>\n<tr>\n<td style=\"width: 150px; height: 44px; vertical-align: middle;\"><img src=\"https:\/\/keepmesafe.click\/wp-content\/uploads\/2020\/10\/logo-cell-filler1.gif\" alt=\"\" width=\"100\" height=\"71\" \/><\/td>\n<td style=\"vertical-align: middle;\">\n<h4>1. <a href=\"#section-1\">Gode r\u00e5d til at forhindre seksuelt misbrug af b\u00f8rn og unge<\/a><\/h4>\n<\/td>\n<\/tr>\n<tr>\n<td style=\"width: 150px; height: 44px; vertical-align: middle;\"><img src=\"https:\/\/keepmesafe.click\/wp-content\/uploads\/2020\/10\/logo-cell-filler1.gif\" alt=\"\" width=\"100\" height=\"71\" \/><\/td>\n<td style=\"vertical-align: middle;\">\n<h4>2. <a href=\"#section-2\">Unge p\u00e5 nettet<\/a><\/h4>\n<\/td>\n<\/tr>\n<tr style=\"height: 24px;\">\n<td style=\"height: 24px;\">\u00a0<\/td>\n<td style=\"width: 113.965%;\">\u00a0<\/td>\n<\/tr>\n<tr style=\"height: 24px;\">\n<td style=\"width: 15.9675%; height: 24px;\">\u00a0<\/td>\n<td style=\"width: 113.965%;\">\u00a0<\/td>\n<\/tr>\n<\/tbody>\n<\/table>\n<h4><img class=\"alignnone size-medium wp-image-195\" src=\"https:\/\/keepmesafe.click\/wp-content\/uploads\/2020\/11\/4-300x200.jpg\" sizes=\"(max-width: 300px) 100vw, 300px\" srcset=\"https:\/\/keepmesafe.click\/wp-content\/uploads\/2020\/11\/4-300x200.jpg 300w, https:\/\/keepmesafe.click\/wp-content\/uploads\/2020\/11\/4-16x12.jpg 16w, https:\/\/keepmesafe.click\/wp-content\/uploads\/2020\/11\/4-24x16.jpg 24w, https:\/\/keepmesafe.click\/wp-content\/uploads\/2020\/11\/4-36x24.jpg 36w, https:\/\/keepmesafe.click\/wp-content\/uploads\/2020\/11\/4-48x32.jpg 48w, https:\/\/keepmesafe.click\/wp-content\/uploads\/2020\/11\/4.jpg 640w\" alt=\"\" width=\"300\" height=\"200\" \/><\/h4>\n<h4 id=\"section-1\">1. <strong>Gode r\u00e5d til at forhindre seksuelt misbrug af b\u00f8rn og unge<\/strong><\/h4>\n<p>Forebyggelse er det bedste v\u00e5ben i kampen mod seksuelle overgreb. Alle voksne, der interagerer med b\u00f8rn og unge p\u00e5 daglig basis, skal deltage i det forebyggende arbejde.<\/p>\n<p>St\u00f8rre viden og \u00f8get bevidsthed om tabuomr\u00e5det vil ikke kun g\u00f8re det lettere at opdage seksuelt misbrug, men ogs\u00e5 g\u00f8re det sv\u00e6rere for en potentiel gerningsmand at beg\u00e5 misbrug.<\/p>\n<p>Der er dog selvf\u00f8lgelig en delikat balance. For det er vigtigt, at for\u00e6ldre og fagfolk ikke ser seksuelt misbrug overalt og skaber en stemning af mistillid, f.eks. Omkring t\u00e6tte relationer mellem b\u00f8rn og voksne. P\u00e5 trods af en solid viden p\u00e5 omr\u00e5det er det altid sv\u00e6rt at vide, om tegn p\u00e5 utilfredshed eller afvigende adf\u00e6rd er tegn p\u00e5 seksuelt overgreb. Og man skal g\u00e5 forsigtigt, da falske beskyldninger kan have store negative konsekvenser for de involverede parter.<\/p>\n<p>Den bedste m\u00e5de at forhindre seksuelt misbrug p\u00e5 er at skabe et milj\u00f8 omkring forhold mellem b\u00f8rn og unge, hvor der er tilstedev\u00e6relse og \u00e5benhed omkring de ting, der er vanskelige. I et s\u00e5dant milj\u00f8 har misbrug og andre former for utilfredshed d\u00e5rlige betingelser for at trives ubem\u00e6rket.<\/p>\n<ul>\n<li>Brug tid sammen med b\u00f8rnene og vis, at du virkelig er interesseret i dem, deres verden, deres ideer og deres f\u00f8lelser. Selvom de m\u00e5ske ikke har lyst til at fort\u00e6lle dig alt.<\/li>\n<li>Skab en atmosf\u00e6re, hvor du kan tale \u00e5bent om f\u00f8lelser, hvis du er blevet ked af det eller nogen har opf\u00f8rt sig p\u00e5 en m\u00e5de, der har v\u00e6ret ubehagelig.<\/li>\n<li>L\u00e6r b\u00f8rn og unge at tale og s\u00e6tte gr\u00e6nser, n\u00e5r andre g\u00f8r noget, de ikke kan lide. Dette g\u00e6lder ogs\u00e5 for kroppen. Vis dig selv respekt for deres gr\u00e6nser - for eksempel for ber\u00f8ring.<\/li>\n<li>Tal med b\u00f8rn og unge om forskellen mellem \"gode\" og \"d\u00e5rlige\" hemmeligheder, hvor \"d\u00e5rlige\" hemmeligheder er dem, der ikke har det godt i maven.<\/li>\n<li>Vis mod til at g\u00e5 i dialog med andre voksne om, hvordan man h\u00e5ndterer b\u00f8rn og unge, hvis du ser noget, du ikke kan st\u00e5 inde for.<\/li>\n<li>Vis interesse og tal med b\u00f8rn om den verden, de bev\u00e6ger sig i p\u00e5 sociale medier og andre steder p\u00e5 internettet. Tal med dem om b\u00e5de de gode og de d\u00e5rlige ting, der kan ske, n\u00e5r du g\u00e5r online.<\/li>\n<li>B\u00f8rn, der har v\u00e6ret udsat for chikane, mobning eller seksuelt misbrug, herunder deling af private fotos uden samtykke p\u00e5 en computer, tablet eller mobil, kan f\u00e5 hj\u00e6lp til at redde b\u00f8rnenes anonyme<\/li>\n<\/ul>\n<p>\u00a0<\/p>\n<p><img class=\"alignnone size-medium wp-image-212\" src=\"https:\/\/keepmesafe.click\/wp-content\/uploads\/2020\/11\/N64A7286-300x200.jpg\" sizes=\"(max-width: 300px) 100vw, 300px\" srcset=\"https:\/\/keepmesafe.click\/wp-content\/uploads\/2020\/11\/N64A7286-300x200.jpg 300w, https:\/\/keepmesafe.click\/wp-content\/uploads\/2020\/11\/N64A7286-1024x683.jpg 1024w, https:\/\/keepmesafe.click\/wp-content\/uploads\/2020\/11\/N64A7286-768x512.jpg 768w, https:\/\/keepmesafe.click\/wp-content\/uploads\/2020\/11\/N64A7286-1536x1024.jpg 1536w, https:\/\/keepmesafe.click\/wp-content\/uploads\/2020\/11\/N64A7286-2048x1365.jpg 2048w, https:\/\/keepmesafe.click\/wp-content\/uploads\/2020\/11\/N64A7286-16x12.jpg 16w, https:\/\/keepmesafe.click\/wp-content\/uploads\/2020\/11\/N64A7286-930x620.jpg 930w, https:\/\/keepmesafe.click\/wp-content\/uploads\/2020\/11\/N64A7286-24x16.jpg 24w, https:\/\/keepmesafe.click\/wp-content\/uploads\/2020\/11\/N64A7286-36x24.jpg 36w, https:\/\/keepmesafe.click\/wp-content\/uploads\/2020\/11\/N64A7286-48x32.jpg 48w\" alt=\"\" width=\"300\" height=\"200\" \/><\/p>\n<p>Det er vigtigt at arbejde konstant med b\u00f8rn og unge for at tage initiativer til at \u00f8ge bevidstheden om seksuelt misbrug for at forhindre seksuelt misbrug.<\/p>\n<ol>\n<li>S\u00f8rg for, at b\u00f8rn og unge kender deres grundl\u00e6ggende menneskerettigheder - der er mange publikationer p\u00e5 internettet.<\/li>\n<\/ol>\n<p><a href=\"https:\/\/www.unicef.org\/media\/60981\/file\/convention-rights-child-text-child-friendly-version.pdf\">https:\/\/www.unicef.org\/media\/60981\/file\/convention-rights-child-text-child-friendly-version.pdf<\/a><\/p>\n<ul>\n<li>kopiere og uddele FN-konventionen<\/li>\n<li>Tag en kopi og pin op<\/li>\n<li>H\u00e6v lejlighedsvis sm\u00e5 samtaler om, hvad det betyder.<\/li>\n<\/ul>\n<p>\u00a0<\/p>\n<ol start=\"2\">\n<li>Lav sm\u00e5 arbejdsgrupper eller studiegrupper til at arbejde med emnet, og slut med at lave en lille udstilling eller begivenhed for at \u00f8ge bevidstheden om alle andre.<\/li>\n<\/ol>\n<p>Opret situationer - hvor det bliver naturligt at tale om seksuelt misbrug uden at skabe angst og frygt.<\/p>\n<\/div>","protected":false},"excerpt":{"rendered":"<p>1. Good advice to prevent sexual abuse of children and young people 1. Good advice to prevent sexual abuse of children and young people Prevention is the best weapon in the fight against sexual assault. All adults who interact with children and young people on a daily basis must take part in the preventive work.&hellip;&nbsp;<a href=\"https:\/\/keepmesafe.click\/da\/section3\/\" class=\"\" rel=\"bookmark\">L\u00e6s mere &raquo;<span class=\"screen-reader-text\">\u00d8g opm\u00e6rksomheden og forhindre seksuelt misbrug<\/span><\/a><\/p>","protected":false},"author":1,"featured_media":0,"parent":0,"menu_order":0,"comment_status":"closed","ping_status":"open","template":"","meta":{"neve_meta_sidebar":"","neve_meta_container":"","neve_meta_enable_content_width":"off","neve_meta_content_width":0,"neve_meta_title_alignment":"","neve_meta_author_avatar":"","neve_post_elements_order":"","neve_meta_disable_header":"","neve_meta_disable_footer":"","neve_meta_disable_title":""},"_links":{"self":[{"href":"https:\/\/keepmesafe.click\/da\/wp-json\/wp\/v2\/pages\/170"}],"collection":[{"href":"https:\/\/keepmesafe.click\/da\/wp-json\/wp\/v2\/pages"}],"about":[{"href":"https:\/\/keepmesafe.click\/da\/wp-json\/wp\/v2\/types\/page"}],"author":[{"embeddable":true,"href":"https:\/\/keepmesafe.click\/da\/wp-json\/wp\/v2\/users\/1"}],"replies":[{"embeddable":true,"href":"https:\/\/keepmesafe.click\/da\/wp-json\/wp\/v2\/comments?post=170"}],"version-history":[{"count":10,"href":"https:\/\/keepmesafe.click\/da\/wp-json\/wp\/v2\/pages\/170\/revisions"}],"predecessor-version":[{"id":246,"href":"https:\/\/keepmesafe.click\/da\/wp-json\/wp\/v2\/pages\/170\/revisions\/246"}],"wp:attachment":[{"href":"https:\/\/keepmesafe.click\/da\/wp-json\/wp\/v2\/media?parent=170"}],"curies":[{"name":"wp","href":"https:\/\/api.w.org\/{rel}","templated":true}]}}