{"id":170,"date":"2020-10-30T09:16:15","date_gmt":"2020-10-30T08:16:15","guid":{"rendered":"https:\/\/keepmesafe.click\/?page_id=170"},"modified":"2021-08-24T11:43:10","modified_gmt":"2021-08-24T09:43:10","slug":"section3","status":"publish","type":"page","link":"https:\/\/keepmesafe.click\/fr\/section3\/","title":{"rendered":"Raise Awareness &#038;  Prevent Sexual Abuse"},"content":{"rendered":"<div class=\"translation-block\">\n<table style=\"border-collapse: collapse; width: 100%; height: 100%;\">\n<tbody>\n<tr>\n<td style=\"width: 150px; height: 44px; vertical-align: middle;\"><img src=\"https:\/\/keepmesafe.click\/wp-content\/uploads\/2020\/10\/logo-cell-filler1.gif\" alt=\"\" width=\"100\" height=\"71\" \/><\/td>\n<td style=\"vertical-align: middle;\">\n<h4>1. <a href=\"#section-1\">Bons conseils pour pr\u00e9venir les abus sexuels sur les enfants et les jeunes<\/a><\/h4>\n<\/td>\n<\/tr>\n<tr style=\"height: 24px;\">\n<td style=\"height: 24px;\">\u00a0<\/td>\n<td style=\"width: 113.965%;\">\u00a0<\/td>\n<\/tr>\n<tr style=\"height: 24px;\">\n<td style=\"width: 15.9675%; height: 24px;\">\u00a0<\/td>\n<td style=\"width: 113.965%;\">\u00a0<\/td>\n<\/tr>\n<\/tbody>\n<\/table>\n<h4><img class=\"alignnone size-medium wp-image-195\" src=\"https:\/\/keepmesafe.click\/wp-content\/uploads\/2020\/11\/4-300x200.jpg\" sizes=\"(max-width: 300px) 100vw, 300px\" srcset=\"https:\/\/keepmesafe.click\/wp-content\/uploads\/2020\/11\/4-300x200.jpg 300w, https:\/\/keepmesafe.click\/wp-content\/uploads\/2020\/11\/4-16x12.jpg 16w, https:\/\/keepmesafe.click\/wp-content\/uploads\/2020\/11\/4-24x16.jpg 24w, https:\/\/keepmesafe.click\/wp-content\/uploads\/2020\/11\/4-36x24.jpg 36w, https:\/\/keepmesafe.click\/wp-content\/uploads\/2020\/11\/4-48x32.jpg 48w, https:\/\/keepmesafe.click\/wp-content\/uploads\/2020\/11\/4.jpg 640w\" alt=\"\" width=\"300\" height=\"200\" \/><\/h4>\n<h4 id=\"section-1\">1. <strong>Bons conseils pour pr\u00e9venir les abus sexuels sur les enfants et les jeunes<\/strong><\/h4>\n<p>La pr\u00e9vention est la meilleure arme dans la lutte contre les agressions sexuelles. Tous les adultes qui interagissent quotidiennement avec des enfants et des jeunes doivent participer au travail de pr\u00e9vention.<\/p>\n<p>Une meilleure connaissance et une meilleure prise de conscience de ce domaine tabou faciliteront non seulement la d\u00e9tection des abus sexuels, mais rendront \u00e9galement plus difficile pour un agresseur potentiel de commettre des abus.<\/p>\n<p>Cependant, il existe bien s\u00fbr un \u00e9quilibre d\u00e9licat. Car il est important que les parents et les professionnel.le.s ne voient pas les abus sexuels partout et ne cr\u00e9ent pas un climat de m\u00e9fiance, par exemple autour des relations \u00e9troites entre enfants et adultes. Malgr\u00e9 une solide connaissance dans ce domaine, il est toujours difficile de savoir si des signes de m\u00e9contentement ou un comportement d\u00e9viant sont des signes d'agression sexuelle. Et il faut faire preuve de prudence car de fausses accusations peuvent avoir des cons\u00e9quences n\u00e9gatives importantes pour les parties concern\u00e9es.<\/p>\n<p>La meilleure fa\u00e7on de pr\u00e9venir les abus sexuels est de cr\u00e9er un environnement autour des relations enfants-adolescents o\u00f9 il y a pr\u00e9sence et ouverture sur les choses qui sont difficiles. Dans un tel environnement, les abus\u00a0<span class=\"cf0\">n'ont pas les bonnes conditions pour se d\u00e9velopper de mani\u00e8re inaper\u00e7ue.<\/span><\/p>\n<ul>\n<li>Passez du temps avec les enfants et montrez que vous \u00eates vraiment int\u00e9ress\u00e9.e par eux, leur monde, leurs id\u00e9es et leurs sentiments. M\u00eame s'ils n'ont pas envie de tout vous dire.<\/li>\n<li>Cr\u00e9ez une atmosph\u00e8re dans laquelle vous pouvez parler ouvertement de vos \u00e9motions si vous \u00eates contrari\u00e9.e ou si quelqu'un.e s'est comport\u00e9 de mani\u00e8re d\u00e9sagr\u00e9able.<\/li>\n<li>Apprenez aux enfants et aux jeunes \u00e0 s'exprimer et \u00e0 fixer des limites lorsque les autres font quelque chose qu'ils n'aiment pas. Cela vaut \u00e9galement pour le corps. Montrez-vous respectueux de leurs limites - par exemple\u00a0en ce qui concerne le toucher.\u00a0<\/li>\n<li>Parlez aux enfants et aux jeunes de la diff\u00e9rence entre les \u00abbons\u00bb et les \u00abmauvais\u00bb secrets, o\u00f9 les \u00abmauvais\u00bb secrets sont ceux qui ne font pas du bien au ventre.<\/li>\n<li>Faites preuve de courage pour engager un dialogue avec d'autres adultes sur la mani\u00e8re de traiter les enfants et les jeunes si vous voyez quelque chose que vous n'approuvez pas.<\/li>\n<li>Montrez votre int\u00e9r\u00eat et parlez aux enfants du monde dans lequel ils \u00e9voluent sur les r\u00e9seaux sociaux et\u00a0ainsi qu'ailleurs sur Internet. Parlez-leur des bonnes et des mauvaises choses qui peuvent se produire lorsqu'ils se connectent \u00e0 l'internet.<\/li>\n<li>Les enfants qui ont \u00e9t\u00e9 victimes de harc\u00e8lement, d'intimidation ou d'abus sexuels, y compris le partage de photos priv\u00e9es sans consentement sur un ordinateur, une tablette ou un mobile, peuvent obtenir de l'aide dans Save the Children de fa\u00e7on anonyme<\/li>\n<\/ul>\n<p>\u00a0<\/p>\n<p><img class=\"alignnone size-medium wp-image-212\" src=\"https:\/\/keepmesafe.click\/wp-content\/uploads\/2020\/11\/N64A7286-300x200.jpg\" sizes=\"(max-width: 300px) 100vw, 300px\" srcset=\"https:\/\/keepmesafe.click\/wp-content\/uploads\/2020\/11\/N64A7286-300x200.jpg 300w, https:\/\/keepmesafe.click\/wp-content\/uploads\/2020\/11\/N64A7286-1024x683.jpg 1024w, https:\/\/keepmesafe.click\/wp-content\/uploads\/2020\/11\/N64A7286-768x512.jpg 768w, https:\/\/keepmesafe.click\/wp-content\/uploads\/2020\/11\/N64A7286-1536x1024.jpg 1536w, https:\/\/keepmesafe.click\/wp-content\/uploads\/2020\/11\/N64A7286-2048x1365.jpg 2048w, https:\/\/keepmesafe.click\/wp-content\/uploads\/2020\/11\/N64A7286-16x12.jpg 16w, https:\/\/keepmesafe.click\/wp-content\/uploads\/2020\/11\/N64A7286-930x620.jpg 930w, https:\/\/keepmesafe.click\/wp-content\/uploads\/2020\/11\/N64A7286-24x16.jpg 24w, https:\/\/keepmesafe.click\/wp-content\/uploads\/2020\/11\/N64A7286-36x24.jpg 36w, https:\/\/keepmesafe.click\/wp-content\/uploads\/2020\/11\/N64A7286-48x32.jpg 48w\" alt=\"\" width=\"300\" height=\"200\" \/><\/p>\n<p>Il est important de travailler constamment avec les enfants et les jeunes, de prendre des initiatives pour les sensibiliser aux abus sexuels afin de les pr\u00e9venir.<\/p>\n<ol>\n<li>Assurez-vous que les enfants et les jeunes connaissent leurs droits humains fondamentaux - il existe de nombreuses publications sur Internet. Pour t\u00e9l\u00e9charger une version simplifi\u00e9e de la Convention relative aux droits de l'enfant cliquez <span style=\"color: #0000ff;\"><a style=\"color: #0000ff;\" href=\"https:\/\/weshare.unicef.org\/Folder\/2AM408TY4F7L#\/SearchResult&STID=2AM408TY4F7L&VBID=2AMZVNVSJX8C&POPUPPN=3&POPUPIID=2AM408TYNQWS\"><strong>ici<\/strong><\/a><\/span>.\u00a0<\/li>\n<\/ol>\n<ul>\n<li>Copiez et distribuez la convention des Nations Unies<\/li>\n<li>Prenez une copie et \u00e9pinglez-la<\/li>\n<li>Organisez de temps en temps de petites discussions sur ce qu'elle signifie.<\/li>\n<\/ul>\n<p>\u00a0<\/p>\n<ol start=\"2\">\n<li>Formez de petits groupes de travail ou un groupe d'\u00e9tude pour travailler sur le probl\u00e8me et finissez par organiser une petite exposition ou un \u00e9v\u00e9nement pour sensibiliser tous les autres.<\/li>\n<\/ol>\n<p>Cr\u00e9ez des situations - o\u00f9 il devient naturel de parler d'abus sexuel sans cr\u00e9er d'anxi\u00e9t\u00e9 ni de peur.<\/p>\n<p>\u00a0<\/p>\n<\/div>","protected":false},"excerpt":{"rendered":"<p>1. Good advice to prevent sexual abuse of children and young people 1. Good advice to prevent sexual abuse of children and young people Prevention is the best weapon in the fight against sexual assault. All adults who interact with children and young people on a daily basis must take part in the preventive work.&hellip;&nbsp;<a href=\"https:\/\/keepmesafe.click\/fr\/section3\/\" class=\"\" rel=\"bookmark\">Lire la suite &raquo;<span class=\"screen-reader-text\">Raise Awareness &#038;  Prevent Sexual Abuse<\/span><\/a><\/p>","protected":false},"author":1,"featured_media":0,"parent":0,"menu_order":0,"comment_status":"closed","ping_status":"open","template":"","meta":{"neve_meta_sidebar":"","neve_meta_container":"","neve_meta_enable_content_width":"off","neve_meta_content_width":0,"neve_meta_title_alignment":"","neve_meta_author_avatar":"","neve_post_elements_order":"","neve_meta_disable_header":"","neve_meta_disable_footer":"","neve_meta_disable_title":""},"_links":{"self":[{"href":"https:\/\/keepmesafe.click\/fr\/wp-json\/wp\/v2\/pages\/170"}],"collection":[{"href":"https:\/\/keepmesafe.click\/fr\/wp-json\/wp\/v2\/pages"}],"about":[{"href":"https:\/\/keepmesafe.click\/fr\/wp-json\/wp\/v2\/types\/page"}],"author":[{"embeddable":true,"href":"https:\/\/keepmesafe.click\/fr\/wp-json\/wp\/v2\/users\/1"}],"replies":[{"embeddable":true,"href":"https:\/\/keepmesafe.click\/fr\/wp-json\/wp\/v2\/comments?post=170"}],"version-history":[{"count":10,"href":"https:\/\/keepmesafe.click\/fr\/wp-json\/wp\/v2\/pages\/170\/revisions"}],"predecessor-version":[{"id":246,"href":"https:\/\/keepmesafe.click\/fr\/wp-json\/wp\/v2\/pages\/170\/revisions\/246"}],"wp:attachment":[{"href":"https:\/\/keepmesafe.click\/fr\/wp-json\/wp\/v2\/media?parent=170"}],"curies":[{"name":"wp","href":"https:\/\/api.w.org\/{rel}","templated":true}]}}