{"id":140,"date":"2020-10-29T15:41:19","date_gmt":"2020-10-29T14:41:19","guid":{"rendered":"https:\/\/keepmesafe.click\/?page_id=140"},"modified":"2020-11-02T09:58:24","modified_gmt":"2020-11-02T08:58:24","slug":"section2","status":"publish","type":"page","link":"https:\/\/keepmesafe.click\/sl\/section2\/","title":{"rendered":"Kako ukrepati v primeru spolnega nasilja nad otrokom"},"content":{"rendered":"<div class=\"translation-block\">\n<table style=\"border-collapse: collapse; width: 100%; height: 100%;\" border=\"0\">\n<tbody>\n<tr>\n<td style=\"width: 150px; height: 44px; vertical-align: middle;\"><img src=\"https:\/\/keepmesafe.click\/wp-content\/uploads\/2020\/10\/logo-cell-filler1.gif\" alt=\"\" width=\"100\" height=\"71\" \/><\/td>\n<td style=\"vertical-align: middle;\">\n<h4>1. <a href=\"#section-1\">Dol\u017enosti<\/a><\/h4>\n<\/td>\n<\/tr>\n<tr style=\"height: 24px;\">\n<td style=\"height: 24px;\"><img class=\"alignleft\" src=\"https:\/\/keepmesafe.click\/wp-content\/uploads\/2020\/10\/logo-cell-filler1.gif\" alt=\"\" width=\"100\" height=\"71\" \/><\/td>\n<td style=\"width: 113.965%;\">\n<h4>2. <a href=\"#section-2\">Podporne nevladne in vladne organizacije<\/a><\/h4>\n<\/td>\n<\/tr>\n<tr style=\"height: 24px;\">\n<td style=\"height: 24px;\"><img class=\"alignleft\" src=\"https:\/\/keepmesafe.click\/wp-content\/uploads\/2020\/10\/logo-cell-filler1.gif\" alt=\"\" width=\"100\" height=\"71\" \/><\/td>\n<td>\n<h4>3. <a href=\"#section-3\">Kako prepoznati otroka in mladostnika, ki je \u017ertev spolnega nasilja<\/a><\/h4>\n<\/td>\n<\/tr>\n<\/tbody>\n<\/table>\n<h3><img class=\"alignnone size-medium wp-image-194\" src=\"https:\/\/keepmesafe.click\/wp-content\/uploads\/2020\/11\/3-300x212.png\" sizes=\"(max-width: 300px) 100vw, 300px\" srcset=\"https:\/\/keepmesafe.click\/wp-content\/uploads\/2020\/11\/3-300x212.png 300w, https:\/\/keepmesafe.click\/wp-content\/uploads\/2020\/11\/3-16x12.png 16w, https:\/\/keepmesafe.click\/wp-content\/uploads\/2020\/11\/3-24x17.png 24w, https:\/\/keepmesafe.click\/wp-content\/uploads\/2020\/11\/3-36x25.png 36w, https:\/\/keepmesafe.click\/wp-content\/uploads\/2020\/11\/3-48x34.png 48w, https:\/\/keepmesafe.click\/wp-content\/uploads\/2020\/11\/3.png 640w\" alt=\"\" width=\"300\" height=\"212\" \/><\/h3>\n<h3 id=\"section-1\">1. Dol\u017enosti<\/h3>\n<p><strong>Dol\u017enost obve&scaron;\u010danja<\/strong><\/p>\n<p>Vsakdo in &scaron;e posebej strokovno usposobljena oseba je v primeru, da opazi dolo\u010dene znake spolne zlorabe dol\u017ena reagirati. In sicer so vsi, ki naletijo na sum spolne zlorabe dol\u017eni dokumentirati svoja opa\u017eanja in obvestiti pristojne slu\u017ebe.<\/p>\n<p><strong>Kaj storiti?<\/strong><\/p>\n<ul>\n<li>\u010ce ve&scaron; ali sumi&scaron;, da je otrok \u017ertev spolne zlorabe, o tem obvesti&scaron;&nbsp; vodstvo institucije (&scaron;ole, &scaron;portnega kluba).<\/li>\n<li>Dol\u017ean si se seznaniti z ukrepi prepre\u010devanja in ravnanja v primeru spolne zlorabe na delovnem mestu.<\/li>\n<\/ul>\n<p><strong>Znanje in informacije<\/strong><\/p>\n<p>Na tvoj odziv in ravnanje v primeru spolne zlorabe bo vplivalo znanje in informacije, ki jih ima&scaron; iz tega podro\u010dja.&nbsp;<\/p>\n<p><strong>Ali obstaja sum?<\/strong><\/p>\n<p>Otrok lahko daje izjave ali ka\u017ee znake, ki ka\u017eejo na spolno zlorabo, vendar lahko niso resni\u010dne, zato je potrebno biti pri tem zelo pazljiv. Ocniti je treba stopnjo suma ter pripraviti obvestilo za ustrezne organe, ki ga nazo obravnavajo.<\/p>\n<p><strong>Je to konkretno znanje?<\/strong><\/p>\n<p>Otrok se je podal neposredne izjave, povzro\u010ditelj je priznal in pri\u010de zlorabe so podale svoje izjave. Tudi v tem primeru je priporo\u010dljivo vklju\u010diti v obravnavo strokovnjaka. \u010ce meni&scaron;, da je treba otroka nujno za&scaron;\u010dititi pred nadaljnjimi zlorabo, bo morda treba ukrepati hitro. Sprva lahko o tem obvesti&scaron; pristojne slu\u017ebe po telefonu in jim nato po&scaron;lje&scaron; pisno obvestilo.<\/p>\n<p><img class=\"alignnone size-medium wp-image-207\" src=\"https:\/\/keepmesafe.click\/wp-content\/uploads\/2020\/11\/N64A7234-300x200.jpg\" sizes=\"(max-width: 300px) 100vw, 300px\" srcset=\"https:\/\/keepmesafe.click\/wp-content\/uploads\/2020\/11\/N64A7234-300x200.jpg 300w, https:\/\/keepmesafe.click\/wp-content\/uploads\/2020\/11\/N64A7234-16x12.jpg 16w, https:\/\/keepmesafe.click\/wp-content\/uploads\/2020\/11\/N64A7234-24x16.jpg 24w, https:\/\/keepmesafe.click\/wp-content\/uploads\/2020\/11\/N64A7234-36x24.jpg 36w, https:\/\/keepmesafe.click\/wp-content\/uploads\/2020\/11\/N64A7234-48x32.jpg 48w, https:\/\/keepmesafe.click\/wp-content\/uploads\/2020\/11\/N64A7234.jpg 600w\" alt=\"\" width=\"300\" height=\"200\" \/><\/p>\n<h3>&nbsp;<\/h3>\n<h3 id=\"section-2\">Kam se obrniti na pomo\u010d v primeru spolne zlorabe?<\/h3>\n<p><br \/><br \/><\/p>\n<p><a href=\"https:\/\/zamoc.si\"><img src=\"https:\/\/zamoc.si\/wp-content\/uploads\/2019\/12\/Zdru\u017eenje_za_MO\u010c_logotip.png\" alt=\"\" width=\"305\" height=\"171\" \/><\/a><\/p>\n<p><strong>Tel.: <\/strong>041 20 49 49 (24 ur)<\/p>\n<p><br \/><a href=\"https:\/\/www.e-tom.si\"><img src=\"https:\/\/www.e-tom.si\/wp-content\/uploads\/2017\/04\/cropped-tom_logotip-30-let_final-1536x1460.png\" alt=\"\" width=\"239\" height=\"227\" \/><\/a><\/p>\n<h4>&nbsp;<\/h4>\n<p><a href=\"https:\/\/drustvo-sos.si\"><img src=\"https:\/\/drustvo-sos.si\/wp-content\/themes\/sos\/dist\/images\/icons\/logoSOS_f2c5781a.svg\" alt=\"\" width=\"258\" height=\"258\" \/><\/a><\/p>\n<p><strong>Tel.:<\/strong>&nbsp;080 11 55<\/p>\n<p>&nbsp;<\/p>\n<p><a href=\"https:\/\/www.policija.si\"><img src=\"data:image\/jpeg;base64,\/9j\/4AAQSkZJRgABAQAAAQABAAD\/2wCEAAkGBxATEhUSEhMWFhUXGB0YFxUWFxkXHBgXHRcYFxgdGB4ZHyggGx0lGx4XITIhJSkrLy4uGCAzODMtNygtLisBCgoKDg0OGxAQGzEmICUyLTAtLS0vLS8wLy0tLS0tLS0yLTUtLS0tLS0tLS0tLS0tLS0tLS0tLS0tLS0tLS0tLf\/AABEIAOQA3QMBIgACEQEDEQH\/xAAcAAEAAgMBAQEAAAAAAAAAAAAABQYDBAcBAgj\/xABNEAACAQMCAwUDBwYJCwUBAAABAgMABBESIQUxQQYTIlFhMnGBBxQjQnKRoTNSYnOCsTRDU2OSorPB0RU1RFR0g6O0wtLwJJOyw+EW\/8QAGwEBAAIDAQEAAAAAAAAAAAAAAAQFAgMGAQf\/xAA6EQABAwIEAgkDAwIGAwEAAAABAAIRAyEEEjFBUWEFIjJxgZGhsfATQsHR4fEjYjNScoKSohTC0gb\/2gAMAwEAAhEDEQA\/AO40pSiJSlKIlKUoiUpSiJSlKIlKUoiUqv8AaTtZaWQAlYtK3sQRjXI56YUcvecCq5H28uom7y8sjHbtyeJu8eIfzyj78jlywa8JAIBIE6SQJ7hqfBNdNteS6HStLhnEoLiMSwSLIh5Mpz8D5H0NbteolKUoiUpSiJSlKIlKUoiUpSiJSlKIlKUoiUpSiJSlKIlKUoiUrFLKqgsxCqBkknAA8yTyqjcT7dPKxi4bEJiNmuXysCe483Pu299eOcGtLnEADUkwB3nRegEmArfxfi1vbRmWeVY0HVjzPkBzJ9BVFve019e+GzU2tuf9IlX6Vx\/NJ9UfpHz6GouDhLfPEe8kN1K8bMruPCjqw1CNPZUYYEfZJq0VQ47poUxlw4kn7jprs3wg5t5GXdTaODzXqeX7\/p5qA7J8NiRDLjVMzOskrks7FZGQ5Y7j2eQqwVGcD2Ey\/m3En9YiX\/rqSrn8Y91Su5zzJJ3vbYdw25KfSAawAKr3PCXjuwbCT5tIY2d9IyjkOqqHT2cHLb49asXCu3mhlh4lGLeQ7CZcmCQ+jfUPo331pwb3cp\/NhjHxLyk\/9Nb1zbpIpSRQynYqwBB++rSh0zVw4ayoMzQBr2habO3sdD4QotTCNfJbYye7yV1RwQCCCDuCNwR6Vkrj\/Z9L62jE9jIGiZmYWcpJQx6zo7tjujFNJ8smrt2d7a29y3cuGt7gc4JtiT\/Nnk492\/oK6alXpVi4U3TGo3HeOHMSOarnMc3tBWqlKVtWKUpSiJSlKIlKUoiUpSiJSlKIlKUoiUpUJ2h7T2lkoM74Y+xEvikfp4VG532zy9a9AJMBCYU3VR7Qdure3fuIgbm5OwhiI2OM\/SNyT15keWN6q\/GuJ8UvEZgrWtvz7lG\/9RKmfFlvqHTyUddj51ktuC23zZRaBU5SRSAZOseyzHmeoIPQsKrcT0pQoxBzGYt2R\/qOvOG3N4Mghb6eGe\/W3ue4fr+VqtBc3s7LxF9lCyJaxEiIqTzY83KsMHPLboakeHxrDO8CgKjjvYwNgCMJKoHQZ0N+2awXE7SRLcopE0BOuPrttNF65G6+ZCHlWfi8gMKXMfi7rEyld9UePGBjnmIsQPMLXP4jEVsQ4CqderGzXDSBoAbS43ILhJAU+nTZTHV754j5Nu5ZOOeERTfycqk\/Yb6J\/gA2f2akqjuNXFv3DLNKiJIhALMBkMuMr1PntVdj+UC1WNNQkeTSNYVdg2Bq3YjO+eVR6OEr4mkPpMJgkabG48jmnvWx1VjHHMfn8QrBw1cT3S+bo\/3xIn70NSdc1Pb4LNJKkBIdEXSz4wUMhzsp5hwP2azD5S3\/ANWX\/wBw\/wDbU2p0HjnEEU9m\/c3UNAP3cVpbjKIEE8djxPJXLhhzNcnykRPuhRv3sa++OzMkEhX22GhPtuQif1iKpfCu30SF9cT+OQuSrA4yAAN8cgBUq3a2zuJIF7zQqvrfvBoHhU6Bnl7RB5\/VrGp0Zi2VQ59MwAOYIa0WsTrEL0YimWEB1\/1Pwq1W0KoiovJVCD3AYFQcfCYbwSSzIGDtiI8isaZClSNwS2t8jow8q3uMXWYQsTAtMRHGykH2s6mB5HSgZv2a+eJP3USQw+F3xFFgewNO7e5EBPvAHWoNAvbDmGHuOukAXJ5Xi+wa7mFufBsdB\/A+c1pcH7Q8QtdWzXtojFASR36hdmKnlIobK77kqeQq+9nu0tpeprtpQ2PaTk6\/aU7j38j0JqkXcKnRYxbIFBlIO4hGwX3yEEe4OeeK1e0XDItcbQZiu2OIpIjoYAY1M+OcajGc89h1FdDhelwSGVhrMER2RoXCwvBJIiAJggyoFTC7tP8APAe3fwXWqVzuy7Z3NphOIx64+QvIVJH++QbqfUbelXuxvYpkEkLrIjcmQhgfiKuWPbUYHsMtOhGnzlqN1EIIMGxWzSlKyXiUpSiJSlKIlKUoiVp8S4jDBGZZ5FjQc2Y4Hu9T6VXO1XauWGZbS1g725aPvMudMcaaiupzzO45D76rJ7NtO3e38z3Ev1dykcX6pRyPqeeN6iYnHUMMP6pvwFz+gHMkcpW2lRfUPVHit+97XXl54OHp3MJ53cy7kecMZ5+9vwqOj7N9y3ziJ2kuRktJMxYy55qxPsejDl6jIrbW8kt\/DcHVH0uAAMfrgNl+2PD56alwc7iucxvSeIqGBAYdhcOHBxsTzBDY\/wAoN1YUcMxo5+3dw\/PErW4dfpKupcgg6XRtmRhzVh0P7wQRkEVoS\/8AppC4\/ISt4x0ilJ9v0Rzs3kxB6sazcRsW1d\/BgTAYIOyyoPqP5Eb6W5rnyJFQvaLthBHDpCa5XBUwuPY6MJR\/cPa6bb1Fw9B1Z4bRaXB1i3cePL7XaHfcHY94aJeYI34+HPQhbvGbyOzlFwzYSTwSJ9YsB4HUdSPZOOhU\/VqiXvbGcK0Vt9FEWYrkAuFY5Kg7gDOrGOQIGdqhI+9uJURnyzYRTIxwOijJzgdPjSxnME6s6Z0MQ8bAbjdXU564yPfXX4ToilQbFSKlQAWNgYnLAO+rQ42hVdTEueZHVHyb+sbn0xraSsY\/CxMmFjJ+tghAAfIHA9KyS2OJ+4Vg51iMMBsWJCnHpnO9WmzZbdJl096bf6e2JJAaGYBGbI32BB25NnyqM4f8zjmjuUk0ohLGCTJdWCkoFIGHXVjxbEdakjHPfmcASADlgTJIzNncHKW6iMxc3UALH6IbAPj3aH1nTaLLU7QcOjjIeAloSzR5bcrIhwytjzGGHmG9KiKmIuNlkkimRTG4yFijjj0SjdXGkDO+Qck5BNQ9SsKKzWZK2o3mZHGYF+NhNjutVTKTLf0U5ZcPhFsJ5EllBZlfumVRCBjBfKndskjOBtWrLwwF5hFIrxxJ3neHbKkLgbZ8eW048wa3bK6gHdyR3DWsqqFfTGzB8fWGnmSOasMZravozJbyyW0R0zzl3VAGMcSH6NWVd1yxLcsDA9KhGtUp1OsSMxjrSAJcLX6tmh2UsdDvuAME7crXN7uGpt58JkW2MKA4ffywMHicowORjBGSMHY7HbarfwftuveGW6UlxHojKDwjfU2xOQXIQE8vAOVV60hiigE8qCRnZkijYkLhMa3fSQTgkKFyOtfF7FHJALhIxG3eiJ0UsUJZC6smokr7JBXJ6VliqOGxTstVh1y5xAvPZmc0T1ezEktBG\/lNz6Y6p5x+fK+u66raSpBAZ5GDM51uyeLW7YCrHj2vqoo64HnWfhVo4LTS472TmBuI0Hsxr6DqepJPljlHCOLS2cyiRSyxsSYXJ8LEaSyjkr4J39T55rpaccFwqi0IZ3GSxG0I5EyD87nhOp9N65bpDo6thzIu1\/36CNQ3eBoeBgBsxexoV2v1sRt85+XttcRvGLdxDgyEeIkZWJD9Zx1J3wvX3ZNR8HZ2S1PecPnaGT66t4opj\/OLyBPmuMdMVM8OsUhTSuSSdTO27Ox5sx6k\/hsBgACvb29jiXU5wOQG5LHoFA3YnyFQaGLq0HgYYkeHa7xp3N211krc+m17Zq\/x4\/n8WWbg\/bxNYgv4\/msp2DMcwyfYfkPcfPnV2BrmUtg91\/CV0w8xB1Y9DKw5fYU+8nkMdpDfWG9k\/fQDnaTMdh5Qud19x299dHh+lqDyGVSGu82\/8tvVv952r6mFeLtuPX55HkupUqH7MccS9gWdFZASylHxlWU6WG3PfrUxVsRBgqMlKUrxEpSlEXO+Pf56P+wD\/mDW\/UP2phduMgRyGNhYgghQwP07DDg8136EHYb19\/5Qmi2uIsr\/ACsOXX3sntp8NQ9a5PpmkXYrqkTAtv4ce4Eu5K1wjop3+fOalSKiGsZIMtbDVH1ticAeZhJ9g\/oHwnpp3NSVrdRyLqjdXXzUgj8K8vrtIo2lc4VAWJ9B\/fVSwvY7JE7ZY15Rx4GxGxUlwBE+qrvaLtfFDDqjOZmJVY2GCjDmZFO4xkbdcjpvXNbMCadTcyMqu\/jlO+\/M78h036A5xivviN893cGR2VC7AAscKi8lBPQAdfea2EnmtS1vPHribdomOx8niYeyccmX413mCwDcHSNOmP6jhJuM0f2kiDlOk9UmMxANqarWNV2Z3ZHK3j3jx4KTvrWNY3S5SK1GoCHQneSAKTqZipDOhH1mO53A2xWPjMVuXLXMhE0Z7uVIxvOQB3cik7Llcaieo5b15xC\/SHQugTFUWS1lk9qNHGQsijZ9J3UHYHfltVZllZmLMSWYkknmSdyTXuEoPeA\/MWi+kCZgWnM4AtEvznN9S4gtkqrw3qxP7cdBrpA077bd1xF3wq5RFDIihidMbNqKFvacZ860qUq1axrRDRHyfG+5uTcyVFJJ1SlKVkvErJDKyMGRirDkykgj3Eb1jpQ3sikra\/jMfdXCuyhi6OjAOjNjWPECGVsA4ONxnNSfDrmOSSNEjK29vqnZWOp5XAABcgYJZtCBQNg1Vqtmyv5otRidkLDSxXYkZzz6b9RUSvhA9pyamYuYBMgui4BgmDFnX1JK2sqQRP79y37rhrDVLdyCOR8sIwNcrM2SMqD4AT+cQfSsnBeK3FhP4lYDbvIm21KRkbHk2DkH4Vt8OkgtkinIaRpdQacY+gbBBCKc5lGQ2W5jlzJrS4lKSDBKTLKjDuZkOvWjeIq2+SDnUOZBJFR2uNYmk9uZhkaRYEtOVuoDTE5nZrhzYa0TmRlhwMHz53PPkMu29uoDjiSBRajvXYBh0VAeRlb6v2faPl1rPY8M0t3srd7NjGsjAUdViX6i\/eT1JqgfJ1x3upfmzn6OU+HP1ZOQ+DcveBXT643pLDOwVU0Robg7uB4+xHEXkQrbDv8AqtznXhwKUrTveKRRkKWy55RoC7n9ld8ep29a1s3cvlbJ8JJSPxjjP9P4VX\/RcW5jYcT+NyO4Fb84mBf55KY+Sr+BH9fN\/atVyqlfJQMWJHPE8256\/Stz9autfRHdoqgSlKV4iUpSiLnfHv8APR\/2Af8AMGt+ojtTbd5xkDU6YsQQyNpOe\/Ye4jfkcisht7tPYmSQeUqaSf248Af0DXJdNU2nE9oTAsZ97jzhWuEJFPRZbrhMTtrGY5P5SM6G\/a6P7mBFUT5QuJTqFtHkRwcSaguliNwocZK8xnIxyGwq7HiUqflbaUebRETL9wxIf6Fcpvpje3xIO0soVfRMhVO\/LwDJ+NSug6LnVjUqwWUxM2McIN4AuYB1EkWWrGOAblbq4xw9PJbVlamGKE\/N1mkuG8PeIWTRnSqgg4DscnPMADzr4vOLCKSSBFjmgSRu6WYFwm+PAcg49M4Ipa3ktuJZ7aUiETaEjbxCQHU2SDtsoGTz8Q3rS47Gqy6REsTaVLojMyhmAbbVuuxGV3wc710LKYqViKgmZOpBBkG4mWlgcGAsJ1dmIJKhudlaMv494vJvflA3Wne3Tyu0jnLNz6egAA5ADAA9Kw0pVmAAIGijarIkLEZAOPPp99ZFtT1NSVtvaj0Y\/vb\/ABrXr3DuFQOJGjiPJb8TRFHJBnM1rvObeELLZcCllV3jRmWMZcjGw\/8AN\/cCelY7LhTSuscalnY4AH3\/AHAb\/Ctyz4pPErpHIVVxhwOo\/wDNvcT51tNZXdn3Nx+T17xsGVvwBPNSPg3wrF7ntLmksBP+GCTchsnNxg36v281oEGNefmoW54ayMUcFWU4KnmD61rNbN76kbm4eRi7sWZjkseZNY8VIazqjNrvGk7xv53iFiTwUc6EHBBB8jtXzUp2hP0gHko\/eai6iUKhqU2vI1Cl4ygMPXfSBmDqt3h97pDRufopMCQadRGDkOgJHjG+Dnqc5qxcG4isKSTW8OhV+jjLfSSzTMPCCcbBRlyqAdNzmqhVn4RxJzAsQmSBU1ZMcbSTvnxMRj2VxgFsj2ah9I0A5k5ZBIzCXRG5IAJJIAbMHKOsMsSsaD4PtpPmY5nXvkWUJf2M0JXvfC58WNQLrvsWAOVJ57710\/s9cTXsCyvNoX2WSIaWLLs2tzuM7NhdOARua5tfz2unTDE+c5M0r5Y+fhXwjPxNWL5OOMCJpYWDsGw6qiM51DwtsvLI07nA8POofS1GpWwf1cvXYZ0AtN4EujY3MjLeDIWzDOayrlmx5+XCV0WzsoohiNAudzjmT5sebH1NbNRYu7p\/YgEY85nGf6MerPxYUHD52\/K3D\/ZiURD7zqf7mFcTUpky6o4T35j6T\/2I53Vw13+Ufj55KW+Sr+BH9fN\/atVyql\/JSuLEjymmG+\/8a3Pzq6V9Cd2iqFKUpXiJSlKIuZ9qJHXjIKJrPzEeHUF279txnY9NvWso4q49u1nX1ARx\/wANyfwrF2oldeMgohkPzEeEMq7d+2\/iIHl99ZTxGb\/VJvg0J\/8Asrl+mGzieyDYfcAfIu\/9RKtML\/h6+n7LT4t2hiWCUguriNtIeKSPxaTp9tQOeK5bwBJ+9DQadSAtl9IVVxpYsX2AwcfGui9seIyGymBt5UyFGpjHgZdeelyfTl1rn\/BTEY543lWIyBArMrEYD62B0g45LVp0LTDMJUcG6uAOj7WBMNAJADiSNTB4lRcWSarQToO7id+4KbhXvGEE1jjum7xjbMEQBgpLNqzGVKqMHUNs461Vr+6Msrynm7Fvdk5A+A2qf40peKNI7uBooolBjEhUs6r4jpKjUc7DPQDlVYq16PYIL\/COvbc2cbZjBgC0QS7VR68zHrb8cLj9EpSlWKjqZ4cc27Dyb\/A1hrLwf8jIPcf\/AD7q8toHkdY0Us7EKqjmSdgKxwhh1Qf3e4Cn469Og7+yP+LnBY63+IG67uEzNIY2UmLUxIKhiDjPrn4EdMVab35OLhJ7aIHWk2BI6jaNgNUg92kHSTzIxV57fdmlmsdEKYa3GqJR+aowyD3qOXmFrN1enmZoefDZQQ03XDq+4B4h7x++rNxjsRcW9nHdtuTvLHjeJT7BP9\/kSPWq3aD6RffWx1QfTc5p0B9FlRZmqsbxI9Stfjp+mPoB\/wDEH++o+tvix+mf3j9wrUqJhhFFg5D2UjHuzYqqf7ne5\/CVNdmpMtJBiT6ZNOYiocaSHIGogEEAgjO9QtZbe3aRljUAsxwASAM+pOwr2vTbUpua4xz4RcHwIB8FGa7KQVMXvze3Ok2curkGumZPuRAAfvNY+x16IbyF2OFyVY+jKR+\/FS83GktxGomeZ0iWNoUbNvqXO7Fh49sDwgcudV3h9yfnMcmkA98raUGB7YOFHQdAKr6AfWoVGVGmC0iS4nNIOgddvh1dCJUh5DXgtOhGwtpwXYV45EfYWZ\/sQTY\/pFQv40HEZj7NrL73aJB\/8yfwoeJy\/wCqT\/fCP\/sr0cQnPK1k+Lwj9zmuDyDLZo\/3PH4cxXEncnwB\/dSfyUk\/MjnY9\/NkeX0rVc6pnyUk\/MjkYPfzbeX0rVc6+gu7RVGlKUrFEpSlEXM+1KSHjIEbqjfMRuya9u\/bbGpfTfPSs3zW663I+EKj97GsHapZTxkCJ1RvmIyWQyeHv2yAAy4Ocb5PXasp4bOfau5fdGkSD8UY\/jXL9MOjE9pugsWyfPIfdWeFE0xY+f7qF7Z2M3zOYtcM4AUlNEYB8a9QufXn0rlddh43wFXt5vHM7922nVNIRqCkjwghTvjpXHgauv8A85Ua6g9oOjtmhuoGwidDeFExzSHg8uMpXteUFdDKhBTCcPiKrnUH0AnSV\/EHlWrd8PKjUp1KOe2GHlmpGC5EgG5VhjOznB6Yxt99e3eooVVWy3M4wB1OlTvk\/wB9Q2veHQfVUtPEVmVAHGL3BsBfidtxdavAd+9XzA\/vFdY+SnssI0F7KMu4+iHPRGfrfab8B7zXH+FS6Jhq2z4Tnpnl+OK6r2E7R3KK1sIhMse6ASKkgRsnAEmFdQcjmCNtiMV44uFR7R90HwFj+PgXVvH1MHTePsLmn\/ccwPuO9dTpVCn7YTh8GTh8WOcUk7s3oHkRdEZ9MGtu97VXKoCYbeDP8bPdIyH7Aiy8nuwtY\/ScoUhW2aJWUqwBVgQQdwQdiD6YrhnansybK8CLvE4LxEnJCjYqfVSQM9QR610Th\/au5YHEdvc4+tbXCpg\/ppNhk+81zjtNx+W4lknl0gIDHGqHUoAO+GwNWW+tgZ6bV4\/PTpvA3ERzNh7qZ0ewPxLCdGnMTwDesfYDvVMvPFI2N8scffgVuRcKH12OeujG3xPXG\/31pWSSFgyqWIOfMfGp07\/nrnnkM3rp1L9X9r7s1vqOLIa0\/Pdc\/wBIYqp9SWmJkmIJuZiNfTx4xfErZFVSnLcEk5OdscvjUfUnxW6UgRrk4bJJzz9nAzvUZW2kTlut2EzmkM8zfXWJtPzSEra4XGWmiUHBMiAEY2y4332rVqY7JWYmu4UOcasnBIOFUtsRgjkNxWNd4p0nPOgBPkFMYJcAOIXWBY3A\/wBKc++OL+5RT5rd9LlPjAD+5xXz\/kbAwk9yn+9L4\/8AdD14bO6A8N1n9bCj\/wBmY6+aF3VjM3Tem38MKv4jY+Z\/JClfkoz8xOdz302Tyye9b7qulUv5KM\/MTnn302cbDPetnFXSvoD+0VRpSlKxRKUpRFzPtTdCPjIYhzmxAARGck9+x5KDjlzO1ZBe3T\/k7fQPzp5Au3mFi1k+4layce\/z0f8AYB\/zBrfrk+mXtGJ7M2Gs+1vWRyVrhGk0xdRnzC4f8rckfowoIx7iW1N9xFcf41YdxPLD0RyF+zzT+qRXZr3isMRCM2XPKNAXc+oVcnHqdvWuf\/KFYysVu2h7tTiMgsGbqVLhcqvlsx6VL6AxL2V8r4DXiBZrZIuIFi7fYmdVqxrGuZI1HiqXSlK7RVKkeBt9Iw80b79j\/jUjpYnBGfUfD2\/Q6V9cdKr6MQcg4PmKl+GXJkyrsxIGoeLAI9cVGrMMl4VXjqDpNYaQJ49\/yPKVi4rEzv4EZsLpLBebfCtzht0HKq6q0sZyFkXUr46MDzHQj41k1cgNYO+nw7fXI5dBqXp9UVGcXjYSFxsBgZJwScdOp\/8AytUZ4aLEXB+bEWIUvorpD6D\/AKL2gsIgjSRPvJlpAsbaSu99j+OWdzF3UUaROow9thRjzKgbMnqPjg7VLWnArOFjJFbwxsebrGqn13A2r862nGdwZMhl9mRCQwPntuPhU1xLtRLLGEmu5JI8bIMLq+3pALftVgZaYcCO4Eg9xHs6CN1ef+Iyp1qVRpb\/AHENLf8AUPSWzOwVp+ULjdrcnuYUikKnx3JRTpx9WJup825eXpzjiE5kOiIEqvkOZ\/wrDecRZ\/Co0ryx\/jW7w6JljYYIOo7gZypTAI0896zyubD32jsidJ1J591hsomPx9LC0DSw5kujM42m+gGuUeZOtoX3w8ER6MMGUklceI75DDPwH31sQE88aQPhyGPF64xthfQmi4Y8j5gk6cZJOpSPT3ez8Khr29ZiVDNo5e1z99Aw1CQuZbRdiHuGk3Mzaflp7pK03OTmvKUqcr5KuXyccJMryy6nTQAqshwdTbnmCDgDkR9YVTa6x2ajeyt1jmhbB8bSx\/SYLY2kUDWCBhcgMPDnIqn6bxDqeGyM7TzA003iddhFyZ0iYlYRgNSToPgUqYLxPYljlHlKuhj+3Ft\/Up\/lSRfy1tKo\/OixMvw0fSf1BW\/a3Uci643V1P1lII\/Cs9cE+pYh7B5ZSPKB5tKumt0g\/lefJQ2bEkdZ5j\/xWq6VTfkq\/gR\/Xzf2rVcq+hu7RVClKUrxEpSlEXMu1U7JxkFY2kJsQAq4\/wBYbcliAB61kFpcS\/lZO6X+ThJz+1IRn+iF99ZePf56P+wD\/mDW\/XJ9M1cuJ6oEwL6nfjYeU81a4Rs0xJWvZWMUQIjQKDucDcnzY82Pqa84nYpPE8LjwuMH08iPUHB+FbDuACSQANyTsAPWon51LcbQExxdZyN2\/Uqen6Z28gedVbPqOd9SYg9o7HXXUnlc68FIdlAyx4Lj3E7B4JXhk9pDg+o5gj0IwfjWtXVO0\/Y6OWEdwuJUyQScmTO5Dsd2YnfUevvrlkiFSQwIIOCCMEEcwRX0Lo3pBmNpy3tDUaeMXsdRrw1BVHXoOpOvpt85LPY2ck0ixRjLucAfvJ8gBkk+QqR4lwiW1IkR1kjyVWaPddQ2Kt+ac5GDzqWsmt7KPu5i3fXCYkkiILW8bDKgebHYkDfHwz7wmxW1E0klxC9s8bLpR8mYkeAaOasD16Vpq452Yub2dGjKf6l75TsdmjcdYjKQ4ZCg0tyu315W3G\/M+EzrX34vIRsEB81GDUfU4OzTqF76eCF2AIjlfDYPLUADpz61GcRsZIHMcq6WAzzBBU8mUjYg+dTqNag5xZScD3bxuNiBxEwbKKzDCi2Wtyz8vefPyWtSlKkrJKy207IdSnB\/f76wlh51sizkMRm0\/RhghbI2YjIGOfLrXj4A629r7ztzJ4LwtDgWkSN1nl4rIVKgIM9VG\/rWeHs7cvCs8aB1bJ0oQz4U6SdI3Izttk+lffAbCOdZocfT6dcJycEruyY5ZI5H0rd7PAzW7xd73L27i4SUkgpGRpmxjfbZsdScVX4jEfSafpw3KW5pBNnCxgEEidxfqugWvnh8LTZZo1nTiO+b8JtzVZpVrv8AjtlcNpmhcgDAuV0rMxA9p1ACkHy6VDcD4PJdTCKLOObORsi55n18h1NbmYk\/TL6zTTgSZiI7\/wAEB02hZGneGme5TPyfcC7+bvnH0cRB+1JzUfD2j8POurVDRdnookUW57p0XSHAzr64lHJwTk+YycEVsWfEzqEU693KfZ3yknrG3X7Jww8iN64XpPEnHVTVboBZu4A3jedSdt4AVxh6f0W5T5\/Pnsvq64RE7GQZjk\/lIzoY\/a6OPRgRWLvbqL2lE6fnR4SQD1QnS37JHotSle1XGscsOuOf4Oo7pjiCt+QTayfJQ2bEnzmmO+x\/Ktz8qulU35Kv4Ef1839q1XKvoju0VQpSlK8RKUpRFS+13Zi4kuFvbSVROsfdGKUZSRAxfGRupyefoOW+a8vahUJiuoZILgYAhIz3hJwO6b2WBPXIFdVqN4zwW2u4zFcRLIp8+YPmpG6n1BqHicBQxMGoL8RY93MevAhbadd9PsnwVGXhzzEPdYwDlbcHKL5GQ\/xjeh8I6AkZqWqKu+znELHxWrG8tx\/EyHEyD+bbk4Hkd+gHWtOHjwuj3NsWjk\/jTIul4RyICtzk8uYHM9AebxvRuIpmXQWD7h2WjmNW89S46FxVjRxDHC2vDc\/r+O5bl7evI5gtzhh+VlxkQg74GdjIRyXpzPQGv9q+x0BhMsREbxqSzMTiQDcmQnfX+l1zv0xb7CzSFBHGMKPXJJO5LE7sxO5J3JNRqD51JqP8Hibw\/wA9Kp9r7CHl5sM\/VGdOGxT6Lw+icrW6m0u5HUSbgD7RfZzjlUphwh4knTl\/GpP7BcangdGKOpVhzVhgj4GpPsjEjXtuHxp19fMAlf6wWui8a4XFfSmNhhIQQ0q4Dd4w2QE52UHUfUr61QbrsvconziIF4slkddmCAnS5UHIBADAjO2DtXX0OlKWMomm8\/Te4RraXAxBOpjrAa8yqx+HdTcHASAfaPk6KJ4hO7yyPJ7bMS+ejZ3Hw5Y6Yq22VsS3CYpPbGuQg8xFr7yIH00qcDpUN\/8A0hJ1y21vLKP4x0IJI6uqkKx+ArP2f4vqvGuLmUBijgOwOA5XSowo2ABP3Vsxba76J6mXI10AHNJLHMAaBfKA4m4Bs0ZQLjykWB2syR7gyeahOITa5ZH\/ADnZvvYmrD\/kmOU8NjChe+U94ygAsA5zk9TpBAJqKvOCd3GZFuLeVVxkRyZbcgeyQD1rf4jxDu14fJGQWii1EZzg95nDY5ZG3xrZWeKgY3DO\/wA4Gogim+JHK2oWLW5Zzjgf+wlfNx2onSRlg0RwqxCwiNCpUEjx5GpiRzOazcBnSeS5tlQRpcqTHGDkJKnjTGentfgKxXvDbWaRporuKNHJZo5dQeMk5YBQDrGc4wf8a1eJcSjE8TWwwsCoqMRpaQocl3x+cfwrS2lRqMyUKZa4tuYLcrmw5uYkQ52YC8k6mYN8szmmXmRPmDYxwEd224hYuFWN3+XgRmaKRRhd2DcxlRvp6E8vxqX4teJa8QaRUBDL9LFnbVIn0iE\/awahluZ5Z3aAMrysTohLD2iWI2Occz99WLg\/YkmVUvCU1qWVUIJYg+JWbkGAIbAzkZ32Ne4t9Om4vxRABYRkAOYggEjUyGwcrgABJNoupBxGWmDrrtImO6bSL+KrnB+EyTuqr4VLBDIwOlSckAnqxxsOpI866la9m0t41+anTKn12\/jfNZcc1PTHs9OoOXhVvG0LWkiKDGNDqo0hgd0kXHLUN8jkwO+RWfhdy6sbeZsyKMq5272PkG8tQ2DAdcHkwrnOk+k62Jcctg37dQRs47OEajSDmE3InYfDtpi++\/Dl819FscO4gJQdirqcPG3tI3r5g8ww2IrLd2scqlJFDKeh8xuCPIg7gjcVrcRsSxEsRCTKMKx5MvMpIBzU\/eDuPWMj7TtKe5tbd5rnk0Y9iM5wTJJ7OnPIjn6VWUsNUrOBwwM8B9vOeHAzY9U3iZDqjWD+of3\/AHWxJPJajMrGS3H8YfykQ6a\/5Rf0h4vMNuaxwcSurxinD4spnDXUoIiXz0DnIfwqW4b2DaVhNxKXv2G626ZWBD6jm59T8c1eYo1UBVAAAwABgAeQA5V0eH6HpNh9cBzuAs3ytJ46A7tOpgVMW4yGWHr89eaiOyXAhZWywd4ZDqZ2cgLlnYs2AOQyeVTdKVbkyZURKUpREpSlESlKURKrvaTsjaXmHdSky+xPEdEinpuPaHoc1YqUBhIlck47bcStU7u5zNbE4e7gU94I+okQeyTyLjOBnfOMbrcViMCfNGRy+I4Qvsqcc2HRUUZI25Y5kV06qVxzsFC8huLNvmtz+cgBjfPMOnLfzGPjVbieiqFaC0BpEmPtJ5gac42tF5Umnintsb+\/z5Kgru1ASOyjJ+kyZX691nMrEj60jHT+2T9Ws\/GlDCO1HKU4YDpCmDJ8CNKf7yo2C+ltJnHEY+6kkIC3C+KBlUYVVb6u+o4bqxJxUpwp+9kluOak91EehRCdTD7UmrfqEWuexFCth3zVGl52c8xcHeDtwbJAJhTmPa8dXe3cPnutbtTwy3eGR3hRnC4Q4wdZ8KDUN\/aIqGufk3gI8E0iHHUK4z7tj+NWPih1ywRebmVh+jGMj\/iGOpOtdLHYnC0mtpPI1MaiNBYyNjteROyydRp1HEuHzX8rlq9gJmeREmjPdkAllZckqH6asbEV9j5OLv8AlYfvf\/sq+8GHiuH\/ADrhv6qJF\/0GpKp1Tp\/HNdGYbfa3gJ23MlaW4KiRMeq5nw\/sAzvIjzhe7YKdKFtWUVwQSwxzxyPKpSbsTaQCOQl5R3ihw5wNLHRyUDkxU8+QNWa1OLqdfOOJ\/jmRD+Citnidr3sUkfLWpUHyJGx+Bwawq9M4t1RofUOXqzECxAzXAB1Ji+vBZNwtMNMC9+ehWre8KQQFIEVGUh4woCjvFOpc48yMH0Jry5X5zbpJFs+0sRP1XA2B8s5ZG9GNbXCrrvYY5MYLKCR5NjxD4HI+FRY4jDZvMkzhI\/y0ZPUMT3iqBuSHy2AOUgqBT+rmygS9pnck6BwjU3gkf6p1K2nLrsR+4PAfwvqeUukd7Cp1ICHj6tHn6RCPz0YEj1Uj6xrB2j4rbaE0OWnOHtxEveOWI8JCjmrDYg4yCetecI4bxC8eRrcNaWsjBzLKv0jHGGMKZ8IYAHJ94JyRV57M9krSxX6FMufalfxSN726D0GBV9huiLh9UkRoNTBHZcbixtEEkFwMCFCqYvUNvO+3ePnmqrY9l768w18\/zaA\/6NC30j\/rX6D9EefQ1e+E8Kt7aMRQRrGg6KMZPmTzJ9TvW\/SrqnTZTbkptDW8B8k95uobnFxlxkpSlKzXiUpSiJSlKIlKUoiUpSiJSlKIlKUoi17u1jlQxyIrowwysAwI9Qao1\/2KntiZOGSeHmbSYkxnz7tjuh9Dt6iug0rF7GvaWPAIOoOnz14L0EgyNVyThfF1e7dZ1NvOEVFgl2PNmcoeTAnSBjnozVoqe49wC2vI+7uIlcdCdmU+asN1Puqk3vBOI2AJhLXtuPqN+XjHof40D7\/SqDH9CF\/Ww52jKfKx\/wDr\/kTAU6hjItU8\/wBlk7O\/kA357yP\/AEpXYfgRUlUJ2R4hFJbxxxuC8carIp2ZWAAbUp3G+am6ocW0trvDhFzY23keinUjLBHAKMY4vU\/Tgb+pIn\/eakZZFUFmIAG5JOAB5knlVd4txcG5ijtUNzOocGKP6oYD229lRqAzk1M8O7DyzkS8Tk7zBytrESsS+Ws85D+Hvqzw\/RFXENY55ytjfXUiw5iDJ6sHc2UZ+KbTJAuZ\/A375Vf4Ne3UzSwcPiEid65Fy+RCiv426ZZg5fwjpg8jVw4D2HhicT3Lm6uP5SQeFD\/NJyX37n3VareBEUIihVUYVVAAA8gBsKzV0tHDUqMmm2CdTqT4\/gQPFVz6jn9o\/PnFKUpW9YJSlKIlKUoiUpSiJSlKIlKUoiUpSiJSlKIlKUoiUpSiJSlKIqx2k7G212e9wYbgezcRHS4+1jZx6H7xVfi7GcRmburu8UQLtm3UpJOP0ydk8iBnNdHpWLmNeQXAEjSQDHdwXoJEwdVG8E4LbWsfdW8Sxr1wN2PmxO7H1NSVKVmTJkrxKUpXiJSlKIlKUoiUpSiJSlKIlKUoiUpSiJSlKIlKUoiUpSiJSlKIlKUoiUpSiJSlKIlKUoiUpSiJSlKIlKUoiUpSiJSlKIv\/2Q==\" alt=\"\" width=\"221\" height=\"228\" \/><\/a><\/p>\n<p><strong>Tel.: <\/strong>080 1200<\/p>\n<h4>&nbsp;<\/h4>\n<p><a href=\"https:\/\/www.drustvo-dnk.si\"><img src=\"https:\/\/www.drustvo-dnk.si\/images\/dnk-logo.png\" alt=\"\" width=\"309\" height=\"139\" \/><\/a><\/p>\n<p><strong>Tel.:&nbsp;<\/strong>01 4344 822, 031 770 120<\/p>\n<p>&nbsp;&nbsp;<\/p>\n<h3 id=\"section-3\">Kako otroka spodbuditi k pogovoru o spolni zlorabi?<\/h3>\n<p>Ravno zato, ker je otrokom in mladim te\u017eko govoriti o spolni zlorabi, je pomembno, da vemo kako jih v tem primeru spodbujati in podpirati. Norve&scaron;ka &scaron;tudija, ki se ukvarja s spolnimi zlorabami z vidika otrok, med drugim ka\u017ee, da bodo otroci in mladi bolj verjetno povedali za zlorabo, \u010de bodo imeli prilo\u017enost, namero in, \u010de bo prisoten spro\u017eilni dejavnik (nekaj, kar bo zbudilo spomin na ta dogodek npr. vonj, dotik...). Verjetnost, da bo otrok prijavil zlorabo, je ve\u010dja, \u010de so prisotni vsi trije dejavniki.<\/p>\n<p>&nbsp;<\/p>\n<\/div>","protected":false},"excerpt":{"rendered":"<p>1. \u00a0Your Obligations 2. Supportive NGOs or Public Offices 3. How to Meet the Child and Young Person 1. Your Obligations Duty to notify Everyone and especially the professionally trained person has a duty to react and act on the signs and reactions that testify to dissatisfaction and give rise to suspicion or concrete knowledge&hellip;&nbsp;<a href=\"https:\/\/keepmesafe.click\/sl\/section2\/\" class=\"\" rel=\"bookmark\">Preberi ve\u010d &raquo;<span class=\"screen-reader-text\">Kako ukrepati v primeru spolnega nasilja nad otrokom<\/span><\/a><\/p>","protected":false},"author":1,"featured_media":0,"parent":0,"menu_order":0,"comment_status":"closed","ping_status":"open","template":"","meta":{"neve_meta_sidebar":"","neve_meta_container":"","neve_meta_enable_content_width":"off","neve_meta_content_width":0,"neve_meta_title_alignment":"","neve_meta_author_avatar":"","neve_post_elements_order":"","neve_meta_disable_header":"","neve_meta_disable_footer":"","neve_meta_disable_title":""},"_links":{"self":[{"href":"https:\/\/keepmesafe.click\/sl\/wp-json\/wp\/v2\/pages\/140"}],"collection":[{"href":"https:\/\/keepmesafe.click\/sl\/wp-json\/wp\/v2\/pages"}],"about":[{"href":"https:\/\/keepmesafe.click\/sl\/wp-json\/wp\/v2\/types\/page"}],"author":[{"embeddable":true,"href":"https:\/\/keepmesafe.click\/sl\/wp-json\/wp\/v2\/users\/1"}],"replies":[{"embeddable":true,"href":"https:\/\/keepmesafe.click\/sl\/wp-json\/wp\/v2\/comments?post=140"}],"version-history":[{"count":13,"href":"https:\/\/keepmesafe.click\/sl\/wp-json\/wp\/v2\/pages\/140\/revisions"}],"predecessor-version":[{"id":213,"href":"https:\/\/keepmesafe.click\/sl\/wp-json\/wp\/v2\/pages\/140\/revisions\/213"}],"wp:attachment":[{"href":"https:\/\/keepmesafe.click\/sl\/wp-json\/wp\/v2\/media?parent=140"}],"curies":[{"name":"wp","href":"https:\/\/api.w.org\/{rel}","templated":true}]}}