{"id":170,"date":"2020-10-30T09:16:15","date_gmt":"2020-10-30T08:16:15","guid":{"rendered":"https:\/\/keepmesafe.click\/?page_id=170"},"modified":"2021-08-24T11:43:10","modified_gmt":"2021-08-24T09:43:10","slug":"section3","status":"publish","type":"page","link":"https:\/\/keepmesafe.click\/sl\/section3\/","title":{"rendered":"Raise Awareness &#038;  Prevent Sexual Abuse"},"content":{"rendered":"<div class=\"translation-block\">\n<table style=\"border-collapse: collapse; width: 100%; height: 100%;\">\n<tbody>\n<tr>\n<td style=\"width: 150px; height: 44px; vertical-align: middle;\"><img src=\"https:\/\/keepmesafe.click\/wp-content\/uploads\/2020\/10\/logo-cell-filler1.gif\" alt=\"\" width=\"100\" height=\"71\" \/><\/td>\n<td style=\"vertical-align: middle;\">\n<h4>1. <a href=\"#section-1\">Nasvet za prepre\u010devanje spolne zlorabe otrok<\/a><\/h4>\n<\/td>\n<\/tr>\n<tr style=\"height: 24px;\">\n<td style=\"height: 24px;\">&nbsp;<\/td>\n<td style=\"width: 113.965%;\">&nbsp;<\/td>\n<\/tr>\n<tr style=\"height: 24px;\">\n<td style=\"width: 15.9675%; height: 24px;\">&nbsp;<\/td>\n<td style=\"width: 113.965%;\">&nbsp;<\/td>\n<\/tr>\n<\/tbody>\n<\/table>\n<h4><img class=\"alignnone size-medium wp-image-195\" src=\"https:\/\/keepmesafe.click\/wp-content\/uploads\/2020\/11\/4-300x200.jpg\" sizes=\"(max-width: 300px) 100vw, 300px\" srcset=\"https:\/\/keepmesafe.click\/wp-content\/uploads\/2020\/11\/4-300x200.jpg 300w, https:\/\/keepmesafe.click\/wp-content\/uploads\/2020\/11\/4-16x12.jpg 16w, https:\/\/keepmesafe.click\/wp-content\/uploads\/2020\/11\/4-24x16.jpg 24w, https:\/\/keepmesafe.click\/wp-content\/uploads\/2020\/11\/4-36x24.jpg 36w, https:\/\/keepmesafe.click\/wp-content\/uploads\/2020\/11\/4-48x32.jpg 48w, https:\/\/keepmesafe.click\/wp-content\/uploads\/2020\/11\/4.jpg 640w\" alt=\"\" width=\"300\" height=\"200\" \/><\/h4>\n<h4 id=\"section-1\">1. N<strong>asvet za prepre\u010devanje spolne zlorabe otrok&nbsp;<\/strong><\/h4>\n<p>Prepre\u010devanje je najbolj&scaron;e oro\u017eje v boju proti spolnemu nasilju. V preventivnih aktivnostih morajo sodelovati vsi odrasli, ki vso sak dan v stiku z otroki in mladimi.<\/p>\n<p>Ve\u010d znanja in ve\u010dja stopnja ozave&scaron;\u010denosti ne bo prispevala zgolj k la\u017ejemu odkrivanju spolnih zlorab, temve\u010d bo tudi potencialnim storilcem ote\u017eevala izvajanje teh dejanj.<\/p>\n<p>Pri tem pa je pomembno ravnote\u017eje. Star&scaron;i in ostali, ki delajo z otroki znakov spolne zlorabe ne smejo vidijo povsod in ustvarjati razpolo\u017eenja, ki prispeva k nezaupanju. Kljub znanju s tega podro\u010dja je te\u017eko vedeti, ali gre za znake nezadovoljstva, deviantnega vedenja ali za znake spolne zlorabe. Potrebno je biti previden, saj imajo lahko la\u017ene obto\u017ebe negativne posledice za vse vpletene.<\/p>\n<p>Najbolj&scaron;i na\u010din za prepre\u010devanje spolne zlorabe je ustvarjanje zaupljivega okolja med otroki. V tak&scaron;nem okolju se namre\u010d spolne zlorabe te\u017eko zgodijo.<\/p>\n<ul>\n<li>Pre\u017eivite \u010das z otroki in poka\u017eite, da vas resni\u010dno zanimajo, njihov svet, njihove ideje in ob\u010dutki. .<\/li>\n<li>Ustvarite vzdu&scaron;je, v katerem se boste lahko odkrito pogovarjali o vseh vrstah \u010dustev.<\/li>\n<li>Nau\u010dite otroke postavljati meje, v primerih, ko drugi po\u010dnejo nekaj, kar jim ni v&scaron;e\u010d. To velja tudi za telo.&nbsp;<\/li>\n<li>Pogovorite se z otroki o razliki med \"dobrimi\" in \"slabimi\" skrivnostmi.<\/li>\n<li>Poka\u017eite zanimanje in se pogovorite z otroki o dana&scaron;njem svetu, o spletnih dru\u017eabnih omre\u017ejih in podobnih aplikacijah. Pogovorite se z njimi o dobrih in slabih stvareh, ki se lahko zgodijo na internetu.<\/li>\n<li>Otroci, ki so \u017ertve spolnega nasilja lahko poi&scaron;\u010dejo pomo\u010d pri raznih vladnih in nevladnih organizacijah.<\/li>\n<\/ul>\n<p>&nbsp;<\/p>\n<p><img class=\"alignnone size-medium wp-image-212\" src=\"https:\/\/keepmesafe.click\/wp-content\/uploads\/2020\/11\/N64A7286-300x200.jpg\" sizes=\"(max-width: 300px) 100vw, 300px\" srcset=\"https:\/\/keepmesafe.click\/wp-content\/uploads\/2020\/11\/N64A7286-300x200.jpg 300w, https:\/\/keepmesafe.click\/wp-content\/uploads\/2020\/11\/N64A7286-1024x683.jpg 1024w, https:\/\/keepmesafe.click\/wp-content\/uploads\/2020\/11\/N64A7286-768x512.jpg 768w, https:\/\/keepmesafe.click\/wp-content\/uploads\/2020\/11\/N64A7286-1536x1024.jpg 1536w, https:\/\/keepmesafe.click\/wp-content\/uploads\/2020\/11\/N64A7286-2048x1365.jpg 2048w, https:\/\/keepmesafe.click\/wp-content\/uploads\/2020\/11\/N64A7286-16x12.jpg 16w, https:\/\/keepmesafe.click\/wp-content\/uploads\/2020\/11\/N64A7286-930x620.jpg 930w, https:\/\/keepmesafe.click\/wp-content\/uploads\/2020\/11\/N64A7286-24x16.jpg 24w, https:\/\/keepmesafe.click\/wp-content\/uploads\/2020\/11\/N64A7286-36x24.jpg 36w, https:\/\/keepmesafe.click\/wp-content\/uploads\/2020\/11\/N64A7286-48x32.jpg 48w\" alt=\"\" width=\"300\" height=\"200\" \/><\/p>\n<p>Pri aktivnostih ozave&scaron;\u010danja o spolnih zlorabah je omembno nenehno sodelovanje z otroki, le tako bodo tovrstne akcije dosegle \u017eelene uspehe.<\/p>\n<ol>\n<li>Poskrbite, da bodo otroci in mladostniki poznali svoje osnovne \u010dlovekove pravice - na primer <a href=\"https:\/\/unicef.blob.core.windows.net\/uploaded\/documents\/konvencija_otrokovih_pravic_v_otrokom_prijaznem_jeziku.pdf\">Konvencijo o otrokovih pravicah<\/a>.<\/li>\n<\/ol>\n<ul>\n<li>Izro\u010dite jim kopijo konvencije o Otrokovih pravicah<\/li>\n<li>Natisnite jo in jo pritrdite na vidno mesto<\/li>\n<li>Ob\u010dasno se z otroki pogovarjajte o njenem pomenu.<\/li>\n<\/ul>\n<p>&nbsp;<\/p>\n<ol start=\"2\">\n<li>Z namenom re&scaron;evanja sprotnih te\u017eav ustvarite manj&scaron;e delovne skupine otrok, ko bo te\u017eava re&scaron;ena pripravile razstavo ali dogodek za ozave&scaron;\u010danje vseh drugih.<\/li>\n<\/ol>\n<p>Ustvarite okolje, v katerem bo mogo\u010de govoriti o spolni zlorabi, ne da bi bila prisotna tesnoba in strah.<\/p>\n<\/div>","protected":false},"excerpt":{"rendered":"<p>1. Good advice to prevent sexual abuse of children and young people 1. Good advice to prevent sexual abuse of children and young people Prevention is the best weapon in the fight against sexual assault. All adults who interact with children and young people on a daily basis must take part in the preventive work.&hellip;&nbsp;<a href=\"https:\/\/keepmesafe.click\/sl\/section3\/\" class=\"\" rel=\"bookmark\">Preberi ve\u010d &raquo;<span class=\"screen-reader-text\">Raise Awareness &#038;  Prevent Sexual Abuse<\/span><\/a><\/p>","protected":false},"author":1,"featured_media":0,"parent":0,"menu_order":0,"comment_status":"closed","ping_status":"open","template":"","meta":{"neve_meta_sidebar":"","neve_meta_container":"","neve_meta_enable_content_width":"off","neve_meta_content_width":0,"neve_meta_title_alignment":"","neve_meta_author_avatar":"","neve_post_elements_order":"","neve_meta_disable_header":"","neve_meta_disable_footer":"","neve_meta_disable_title":""},"_links":{"self":[{"href":"https:\/\/keepmesafe.click\/sl\/wp-json\/wp\/v2\/pages\/170"}],"collection":[{"href":"https:\/\/keepmesafe.click\/sl\/wp-json\/wp\/v2\/pages"}],"about":[{"href":"https:\/\/keepmesafe.click\/sl\/wp-json\/wp\/v2\/types\/page"}],"author":[{"embeddable":true,"href":"https:\/\/keepmesafe.click\/sl\/wp-json\/wp\/v2\/users\/1"}],"replies":[{"embeddable":true,"href":"https:\/\/keepmesafe.click\/sl\/wp-json\/wp\/v2\/comments?post=170"}],"version-history":[{"count":10,"href":"https:\/\/keepmesafe.click\/sl\/wp-json\/wp\/v2\/pages\/170\/revisions"}],"predecessor-version":[{"id":246,"href":"https:\/\/keepmesafe.click\/sl\/wp-json\/wp\/v2\/pages\/170\/revisions\/246"}],"wp:attachment":[{"href":"https:\/\/keepmesafe.click\/sl\/wp-json\/wp\/v2\/media?parent=170"}],"curies":[{"name":"wp","href":"https:\/\/api.w.org\/{rel}","templated":true}]}}