{"id":175,"date":"2020-10-30T09:42:09","date_gmt":"2020-10-30T08:42:09","guid":{"rendered":"https:\/\/keepmesafe.click\/?page_id=175"},"modified":"2020-11-02T10:03:19","modified_gmt":"2020-11-02T09:03:19","slug":"section4","status":"publish","type":"page","link":"https:\/\/keepmesafe.click\/sl\/section4\/","title":{"rendered":"Facts about Sexual Abuse and Harrasment &#038; FAQ"},"content":{"rendered":"<div class=\"translation-block\">\n<table style=\"border-collapse: collapse; width: 100%; height: 92px;\">\n<tbody>\n<tr style=\"height: 44px;\">\n<td style=\"width: 100px; height: 44px; vertical-align: middle;\"><img src=\"https:\/\/keepmesafe.click\/wp-content\/uploads\/2020\/10\/logo-cell-filler1.gif\" alt=\"\" width=\"100\" height=\"71\" \/><\/td>\n<td style=\"vertical-align: middle; height: 44px;\">\n<h4>1. <a href=\"#section-1\">Dejstva o spolni zlorabi in nadlegovanju<\/a><\/h4>\n<\/td>\n<\/tr>\n<tr style=\"height: 24px;\">\n<td style=\"height: 24px;\"><img src=\"https:\/\/keepmesafe.click\/wp-content\/uploads\/2020\/10\/logo-cell-filler1.gif\" alt=\"\" width=\"100\" height=\"71\" \/><\/td>\n<td style=\"width: 113.965%; height: 24px;\"><strong>2<\/strong> . <a href=\"#section-2\"><strong>Pogosta vpra&scaron;anja o spolnem nasilju<br \/><\/strong><\/a><\/td>\n<\/tr>\n<\/tbody>\n<\/table>\n<h4><img class=\"alignnone size-medium wp-image-192\" src=\"https:\/\/keepmesafe.click\/wp-content\/uploads\/2020\/11\/1-300x200.jpg\" sizes=\"(max-width: 300px) 100vw, 300px\" srcset=\"https:\/\/keepmesafe.click\/wp-content\/uploads\/2020\/11\/1-300x200.jpg 300w, https:\/\/keepmesafe.click\/wp-content\/uploads\/2020\/11\/1-16x12.jpg 16w, https:\/\/keepmesafe.click\/wp-content\/uploads\/2020\/11\/1-24x16.jpg 24w, https:\/\/keepmesafe.click\/wp-content\/uploads\/2020\/11\/1-36x24.jpg 36w, https:\/\/keepmesafe.click\/wp-content\/uploads\/2020\/11\/1-48x32.jpg 48w, https:\/\/keepmesafe.click\/wp-content\/uploads\/2020\/11\/1.jpg 640w\" alt=\"\" width=\"300\" height=\"200\" \/><\/h4>\n<h4 id=\"section-1\">1. Dejstva o spolni zlorabi in nadlegovanju<\/h4>\n<p>&nbsp;<\/p>\n<p style=\"text-align: justify;\">Podatki za Slovenijo (vir Policija) ka\u017eejo, da se v zadnjih letih pove\u010duje &scaron;tevilo kaznivih dejanj&nbsp; spolnega nasilja nad otroki.&nbsp;<strong>V zadnjih petih letih je policija obravnavala kar 1.080 kaznivih dejanj spolnega napada na osebo, mlaj&scaron;o od 15 let.<\/strong>&nbsp;Pove\u010dano &scaron;tevilo prijavljenih kaznivih dejanj vzbuja ambivalenten odnos. Po eni strani je nara&scaron;\u010dajo\u010de &scaron;tevilo lahko alarmanten podatek, po drugi strani pa so visoke &scaron;tevilke lahko odraz pove\u010danih aktivnosti in prizadevanj policije, \u017ertvam bolj prijazne in prilagojene zakonodaje ter pove\u010danja ob\u010dutljivosti in ozave&scaron;\u010denosti ljudi.<\/p>\n<p>&nbsp;<\/p>\n<h4><strong>2. Pogosta vpra&scaron;anja o spolnem nasilju<\/strong><\/h4>\n<p style=\"text-align: justify;\">\u017drtve spolnega nasilja se med drugimi posledicami porajajo tudi &scaron;tveilna vpra&scaron;anja. Obenem pa se njeni bli\u017enji morda ne bodo po\u010dutili pripravljene odgovarjati nanja.<\/p>\n<p>Na tem mestu pojasnjujemo nekatera pogosta vpra&scaron;anja v zvezi s spolnim nasiljem.<\/p>\n<p><img class=\"alignnone size-medium wp-image-209\" src=\"https:\/\/keepmesafe.click\/wp-content\/uploads\/2020\/11\/N64A7257-300x200.jpg\" sizes=\"(max-width: 300px) 100vw, 300px\" srcset=\"https:\/\/keepmesafe.click\/wp-content\/uploads\/2020\/11\/N64A7257-300x200.jpg 300w, https:\/\/keepmesafe.click\/wp-content\/uploads\/2020\/11\/N64A7257-16x12.jpg 16w, https:\/\/keepmesafe.click\/wp-content\/uploads\/2020\/11\/N64A7257-24x16.jpg 24w, https:\/\/keepmesafe.click\/wp-content\/uploads\/2020\/11\/N64A7257-36x24.jpg 36w, https:\/\/keepmesafe.click\/wp-content\/uploads\/2020\/11\/N64A7257-48x32.jpg 48w, https:\/\/keepmesafe.click\/wp-content\/uploads\/2020\/11\/N64A7257.jpg 600w\" alt=\"\" width=\"300\" height=\"200\" \/><\/p>\n<p><strong id=\"section-2\">Kaj je spolno nasilje?<\/strong><\/p>\n<p style=\"text-align: justify;\">Na spletni strani Dru&scaron;tva za nenasilno komunikacijo (DNK) spolno nasilje opredeljujejo kot vsa dejanja, povezana s spolnostjo, ki jih oseba \u010duti kot prisilo. Izjema je spolno nasilje nad otroki, kjer ni nujno, da otrok dolo\u010deno dejanje spolnega nasilja razume kot prisilo, kar ne pomeni, da ne gre za spolno zlorabo. Spolno nasilje je vsakr&scaron;no vedenje, ki ga oseba do\u017eivlja kot vdor v njeno telesno integriteto, ki omejuje njeno pravico do odlo\u010danja o lastnem telesu ter prekora\u010di osebne meje.<\/p>\n<p style=\"text-align: justify;\">Prav tako pri DNK opozarjajo, da spolnega nasilja ne povezujemo zgolj s fizi\u010dno prisilo oziroma s silo ter da se ne osredoto\u010dimo na to, ali \u017ertev morda ni izrazila svojega nestrinjanja. Velikokrat je za \u017ertve v trenutku napada varneje, \u010de se ne upirajo, kar pa ne pomeni, da so na zlorabo pristale. Spolno nasilje se pogosto dogaja tudi v partnerski zvezi, kjer povzro\u010ditelji ve\u010dinoma uporabljajo bolj prikrite oblike prisile.<\/p>\n<p><strong>Kateri so najpogostej&scaron;i primeri spolnega nasilja?<\/strong><\/p>\n<ul>\n<li>neprimerne pripombe o telesu\/delih telesa \u017ertve, namigovanje na spolnost;<\/li>\n<li>ne\u017eeleno dotikanje, poljubljanje, bo\u017eanje;<\/li>\n<li>ne\u017eeleno otipavanje;<\/li>\n<li>siljenje osebe v spolne prakse, ki si jih ne \u017eeli;<\/li>\n<li>zahteva po spolnem odnosu v zameno za slu\u017ebo, za napredovanje v slu\u017ebi, za vi&scaron;je ocene &hellip;;<\/li>\n<li>prikazovanje revij, slik, posnetkov s spolno vsebino \u017ertvi, \u010de \u017ertev tega ne \u017eeli;<\/li>\n<li>siljenje \u017ertve v proizvajanje materiala s spolno vsebino;<\/li>\n<li>neprimerno razkazovanje svojega golega telesa, sla\u010denje in razkazovanje genitalij, ki ga \u017ertev ne \u017eeli;<\/li>\n<li>zahtevanje od \u017ertve, da razkazuje svoje golo telo in\/ali genitalije;<\/li>\n<li>masturbacija v prisotnosti \u017ertve brez pristanka \u017ertve;<\/li>\n<li>zahteva, da \u017ertev masturbira pred storilcem, \u010deprav tega ne \u017eeli;<\/li>\n<li>posilstvo;<\/li>\n<li>vtikanje predmetov v no\u017enico ali v danko;<\/li>\n<li>spolno su\u017eenjstvo ali trpin\u010denje;<\/li>\n<li>prisiljevanje v prostitucijo &hellip;<\/li>\n<\/ul>\n<p>&nbsp;<\/p>\n<p><strong id=\"section-3\">Kaj je posilstvo?<\/strong><\/p>\n<p style=\"text-align: justify;\">Preprosto povedano:&nbsp;<strong>\u010de ni privolitve v spolni odnos, gre za posilstvo<\/strong>.<\/p>\n<p><strong>Kaj storiti neposredno po spolnem napadu?<\/strong><\/p>\n<p>\u010ce si \u017ertev spolnega napada, posku&scaron;aj pobegniti od storilca oziroma ga pregnati.<\/p>\n<p>\u010ce se fizi\u010dno upira&scaron;, naj tvoj cilj ne bo fizi\u010dno premagati storilca, temve\u010d pobegniti.<\/p>\n<p>\u010ce ima storilec oro\u017eje, se mu NE upiraj s silo! To bi namre\u010d lahko predstavljalo &scaron;e dodatno nevarnost. Posku&scaron;aj ostati \u010dim bolj miren\/a. Ne stori ni\u010desar, kar bi lahko (dodatno) razburilo storilca. Posku&scaron;aj ga pregovoriti da odlo\u017ei oro\u017eje. Pogovarjaj se s storilcem in sku&scaron;aj vzpostaviti z njim odnos ter pri tem vzbuditi so\u010dutje, razumevanje.<\/p>\n<p>\u010ce storilec ni oboro\u017een, ga bo&scaron; morda lahko prestra&scaron;il\/a, odvrnil\/a njegovo pozornost ali ga celo fizi\u010dno ranil\/a do te mere, da bo&scaron; lahko pobegnil\/a. V tem primeru se posku&scaron;aj fizi\u010dno upreti, \u010de oceni&scaron;, da to ne bo pomenilo dodatne nevarnosti. Upiranje z uporabo priro\u010dnih predmetov (&scaron;karjice, pilica za nohte, ...) in tudi drugih predmetov za samoobrambo (plinski razpr&scaron;ilec, ...) je v ve\u010dini primerov zelo u\u010dinkovito za odvrnitev napada. Priporo\u010djivo je, da tudi glasno kri\u010di&scaron;: &ldquo;NA POMO\u010c&rdquo;, &ldquo;POLICIJA&rdquo;, &ldquo;PO\u017dAR&rdquo;, ... ali stori&scaron; kaj drugega, kar bo pritegnilo pozornost in priklicalo pomo\u010d ali prestra&scaron;ilo storilca.<\/p>\n<p>Posku&scaron;aj si zapomniti storil\u010dev videz (kadar je storilec neznan) in kakr&scaron;ne koli posebnosti v zvezi z njim, ki bi lahko pomagale pri policijski preiskavi in pripomogle k njegovi prepoznavi.<\/p>\n<p><strong>Kaj storiti, \u010de si \u017ertev spolnega nasilja?<\/strong><\/p>\n<p style=\"text-align: justify;\">\u010ce si bil \u017ertev spolnega nasilja, \u010dim prej podaj ustno ali pisno prijavo na policijsko postajo. Na podlagi prijave bodo policisti pri\u010deli s preiskovanjem suma storitve kaznivega dejanja. Policisti bodo potrebovali \u010dim ve\u010d informacij o kaznivem dejanju (kdaj in kjeje bilo storjeno, na kak&scaron;en na\u010din, kdoje storilec oziroma \u010dimbolj podroben opis neznanega storilca, ...). Zelo pomembno je, da jim \u010dim boj podrobno opi&scaron;e&scaron; resni\u010dne okoli&scaron;\u010dine dogajanja. Tovrstni podatki so namre\u010d zelo pomembni za dokazovanje kaznivega dejanja. Spra&scaron;evali te bodo tudi o zelo intimnih stvareh, povezanih s kaznivim dejanjem. Policisti bodo odkrivali in zbirali materialne dokaze. Prosili te bodo, da jim izro\u010di&scaron; obla\u010dila, ki si jih nosil\/a ob dogodku, in druge morebitne predmete (odeje, prevleke, ...), prosili te bodo tudi, da gre&scaron; na zdravni&scaron;ki pregled. Obvestila bodo policisti pridobili tudi od morebitnih pri\u010d in drugih oseb, ki bi Iahko dale informacije, koristne za preiskavo kaznivega dejanja.<\/p>\n<p><strong>Kak&scaron;ne pravice ima&scaron; kot \u017ertev kaznivega dejanja?<\/strong><\/p>\n<p style=\"text-align: justify;\">Kot \u017ertev kaznivega dejanja ima&scaron; PRAVICO do:<\/p>\n<ul>\n<li style=\"text-align: justify;\">informacij o policijski preiskavi in njenem zaklju\u010dku,<\/li>\n<li style=\"text-align: justify;\">biti seznanjen s svojo vlogo v postopku policijske preiskave,<\/li>\n<li style=\"text-align: justify;\">do izvoda zapisnika o prijavi kaznivega dejanja, ki jo poda&scaron; na policiji,<\/li>\n<li style=\"text-align: justify;\">po prijavi kaznivega dejanja na policiji ima&scaron; pravico do vlo\u017eitve predloga za uveljavitev premo\u017eenjsko pravnega zahtevka,<\/li>\n<li style=\"text-align: justify;\">do prito\u017ebe,<\/li>\n<li style=\"text-align: justify;\">pravne pomo\u010di odvetnika,<\/li>\n<li style=\"text-align: justify;\">do pomo\u010di in podpore zaupne osebe, ki te lahko spremlja v postopkih na policiji, sodi&scaron;\u010du, centru za socialno delo in drugje, kjer \u017eeli&scaron;,<\/li>\n<li style=\"text-align: justify;\">do pomo\u010di in podpore pristojnih vladnih institucij (zdravstvenih, centrov za socialno delo, svetovalnih centrov, ...) in nevladnih organizacij za pomo\u010d \u017ertvam.<\/li>\n<\/ul>\n<p>&nbsp;<\/p>\n<p><strong>Kako se lahko izogne&scaron; spolnemu nasilju?<\/strong><\/p>\n<ul>\n<li style=\"text-align: justify;\">Zapomni si. VEDNO IMA&Scaron; PRAVICO RE\u010cI &ldquo;NE&rdquo; NE\u017dELENEMU SPOLNEMU KONTAKTU! Lahko se zgodi, da oseba ne bo takoj sprejela tvoje zavrnitve, v tem primeru &scaron;e ve\u010dkrat odlo\u010dno ponovi, da no\u010de&scaron; spolnega kontakta. \u010ce se po\u010duti&scaron; ogro\u017een\/a in oseba no\u010de upo&scaron;tevati tvojega sporo\u010dila se umakni.<\/li>\n<li style=\"text-align: justify;\">Zabave, dru\u017eabna sre\u010danja in druge prilo\u017enosti, predvsem v ve\u010dernih in no\u010dnih urah, zapu&scaron;\u010daj v skupini oseb, ki jim res lahko zaupa&scaron;. V gostinskih lokalih in na zabavah ne pu&scaron;\u010daj svoje pija\u010de &ldquo;brez nadzora&rdquo;, saj ti lahko potencialni storilec v pija\u010do doda razli\u010dna sredstva (npr. \"drogo za posilstvo&rdquo;). Prav tako od oseb, ki jih ne pozna&scaron; oziroma jim ne zaupa&scaron;, ne sprejemaj pija\u010d, ki niso v zaprti embala\u017ei.<\/li>\n<li style=\"text-align: justify;\">Pono\u010di se izogibaj neosvetljenim, samotnim ulicam, soseskam. Vozilo pu&scaron;\u010daj na osvetljenih delih parkiri&scaron;\u010da. \u010ce opazi&scaron;, da ti kdo sledi, pojdi do najbli\u017eje osvetljene stavbe (hi&scaron;e, trgovine, ...). \u010ce v bli\u017eini ni nobene osebe ali stavbe, kamor bi se lahko zatekel\/a, pri sebi pa ima&scaron; mobilni telefon, pokli\u010di domov, prijatelja ali policijo.<\/li>\n<li style=\"text-align: justify;\">Pono\u010di hodi v spremstvu prijateja\/prijateljev, \u010de je to mogo\u010de. \u010ce te kdo, ki ga ne pozna&scaron; oziroma mu ne zaupa&scaron;, vabi v vozilo in ti ponuja prevoz, ga zavrni.<\/li>\n<li style=\"text-align: justify;\">\u010ce si v stanovanju ali kak&scaron;nem drugem prostoru, v primeru nasilja posku&scaron;aj oditi ven. \u010ce ima&scaron; mo\u017enost, pokli\u010di policijo, svoje doma\u010de, prijatelja.<\/li>\n<li style=\"text-align: justify;\">Izogibaj se &scaron;topanju, &scaron;e zlasti, \u010de si sam. \u010ce se odlo\u010di&scaron; za &scaron;topanje, upo&scaron;tevaj, da je varneje je &scaron;topati v dvoje ali v skupini.&nbsp;Ne vstopaj v avto, v katerem je tudi sovoznik. \u010ce te bo voznik za\u010del ogovarjati na neprimeren na\u010din, odlo\u010dno povej, da te to ne zanima, in zahtevaj, da vozilo ustavi, nato izstopi. Ne u\u017eivaj pija\u010d ali hrane, ki ti jo ponudi voznik. Enaka previdnost velja pri morebitnem povabilu&nbsp; v gostinski lokal.<\/li>\n<li style=\"text-align: justify;\">Pred vstopom v vozilo se prepri\u010daj, kako se bi v primeru poizkusa nasilja najla\u017eje ubranil in izstopil iz vozila (kje in kako se odklenejo\/odprejo vrata vozila); prav tako si zapomni ali zapi&scaron;i registrsko &scaron;tevilko ter tip avtomobila.<\/li>\n<\/ul>\n<\/div>","protected":false},"excerpt":{"rendered":"<p>1. Facts about Sexual Abuse and Harrasment 2. FAQ &#8211; What is Sexual assault 3. FAQ &#8211; What is Rape 1. Facts about Sexual Abuse and Harrasment Facts UK This briefing introduces the data available about child sexual abuse in UK . Research provides estimates of the prevalence of sexual abuse. Data is available on:&hellip;&nbsp;<a href=\"https:\/\/keepmesafe.click\/sl\/section4\/\" class=\"\" rel=\"bookmark\">Preberi ve\u010d &raquo;<span class=\"screen-reader-text\">Facts about Sexual Abuse and Harrasment &#038; FAQ<\/span><\/a><\/p>","protected":false},"author":1,"featured_media":0,"parent":0,"menu_order":0,"comment_status":"closed","ping_status":"open","template":"","meta":{"neve_meta_sidebar":"","neve_meta_container":"","neve_meta_enable_content_width":"off","neve_meta_content_width":0,"neve_meta_title_alignment":"","neve_meta_author_avatar":"","neve_post_elements_order":"","neve_meta_disable_header":"","neve_meta_disable_footer":"","neve_meta_disable_title":""},"_links":{"self":[{"href":"https:\/\/keepmesafe.click\/sl\/wp-json\/wp\/v2\/pages\/175"}],"collection":[{"href":"https:\/\/keepmesafe.click\/sl\/wp-json\/wp\/v2\/pages"}],"about":[{"href":"https:\/\/keepmesafe.click\/sl\/wp-json\/wp\/v2\/types\/page"}],"author":[{"embeddable":true,"href":"https:\/\/keepmesafe.click\/sl\/wp-json\/wp\/v2\/users\/1"}],"replies":[{"embeddable":true,"href":"https:\/\/keepmesafe.click\/sl\/wp-json\/wp\/v2\/comments?post=175"}],"version-history":[{"count":11,"href":"https:\/\/keepmesafe.click\/sl\/wp-json\/wp\/v2\/pages\/175\/revisions"}],"predecessor-version":[{"id":218,"href":"https:\/\/keepmesafe.click\/sl\/wp-json\/wp\/v2\/pages\/175\/revisions\/218"}],"wp:attachment":[{"href":"https:\/\/keepmesafe.click\/sl\/wp-json\/wp\/v2\/media?parent=175"}],"curies":[{"name":"wp","href":"https:\/\/api.w.org\/{rel}","templated":true}]}}