{"id":2,"date":"2020-10-02T12:21:38","date_gmt":"2020-10-02T10:21:38","guid":{"rendered":"http:\/\/keepmesafe.click\/?page_id=2"},"modified":"2021-10-30T12:39:30","modified_gmt":"2021-10-30T10:39:30","slug":"start","status":"publish","type":"page","link":"https:\/\/keepmesafe.click\/sl\/","title":{"rendered":"Domov"},"content":{"rendered":"<p class=\" translation-block\">Dobrodo\u0161li <strong>Keep Me Safe<\/strong><\/p>\n<p>Namen te aplikacije je omogo\u010diti mladinskim delavcem  enostaven dostop do klju\u010dnih vsebin za prepre\u010devanje spolne zlorabe otrok in mladih.<\/p>\n<p>To spletno mesto je bilo nazadnje posodobljeno:<code>10. november 2021 @ 14:59<\/code><br \/>\n<img loading=\"lazy\" class=\"alignnone size-medium wp-image-5\" src=\"https:\/\/keepmesafe.click\/wp-content\/uploads\/2020\/10\/image1-320-300x300.png\" alt=\"\" width=\"300\" height=\"300\" srcset=\"https:\/\/keepmesafe.click\/wp-content\/uploads\/2020\/10\/image1-320-300x300.png 300w, https:\/\/keepmesafe.click\/wp-content\/uploads\/2020\/10\/image1-320-150x150.png 150w, https:\/\/keepmesafe.click\/wp-content\/uploads\/2020\/10\/image1-320.png 320w\" sizes=\"(max-width: 300px) 100vw, 300px\" \/><\/p>\n<div style=\"padding: 56.25% 0 0 0; position: relative;\"><iframe style=\"position: absolute; top: 0; left: 0; width: 100%; height: 100%;\" title=\"Keep Me Safe projektet\" src=\"https:\/\/player.vimeo.com\/video\/639029864?h=b3a4330e6b&amp;badge=0&amp;autopause=0&amp;player_id=0&amp;app_id=58479\" frameborder=\"0\" allowfullscreen=\"allowfullscreen\"><\/iframe><\/div>\n<p><script src=\"https:\/\/player.vimeo.com\/api\/player.js\"><\/script><\/p>","protected":false},"excerpt":{"rendered":"<p>Welcome to the Keep Me Safe PWA The intention of this app is to provide youth workers easy access to central aspects to fight and prevent sexual abuse of children and young people. This site was updated last:<\/p>","protected":false},"author":1,"featured_media":0,"parent":0,"menu_order":0,"comment_status":"closed","ping_status":"open","template":"","meta":{"neve_meta_sidebar":"","neve_meta_container":"","neve_meta_enable_content_width":"off","neve_meta_content_width":0,"neve_meta_title_alignment":"","neve_meta_author_avatar":"","neve_post_elements_order":"","neve_meta_disable_header":"","neve_meta_disable_footer":"","neve_meta_disable_title":"on"},"_links":{"self":[{"href":"https:\/\/keepmesafe.click\/sl\/wp-json\/wp\/v2\/pages\/2"}],"collection":[{"href":"https:\/\/keepmesafe.click\/sl\/wp-json\/wp\/v2\/pages"}],"about":[{"href":"https:\/\/keepmesafe.click\/sl\/wp-json\/wp\/v2\/types\/page"}],"author":[{"embeddable":true,"href":"https:\/\/keepmesafe.click\/sl\/wp-json\/wp\/v2\/users\/1"}],"replies":[{"embeddable":true,"href":"https:\/\/keepmesafe.click\/sl\/wp-json\/wp\/v2\/comments?post=2"}],"version-history":[{"count":19,"href":"https:\/\/keepmesafe.click\/sl\/wp-json\/wp\/v2\/pages\/2\/revisions"}],"predecessor-version":[{"id":251,"href":"https:\/\/keepmesafe.click\/sl\/wp-json\/wp\/v2\/pages\/2\/revisions\/251"}],"wp:attachment":[{"href":"https:\/\/keepmesafe.click\/sl\/wp-json\/wp\/v2\/media?parent=2"}],"curies":[{"name":"wp","href":"https:\/\/api.w.org\/{rel}","templated":true}]}}