{"id":70,"date":"2020-10-27T13:47:00","date_gmt":"2020-10-27T12:47:00","guid":{"rendered":"https:\/\/keepmesafe.click\/?page_id=70"},"modified":"2020-11-02T12:32:51","modified_gmt":"2020-11-02T11:32:51","slug":"section1","status":"publish","type":"page","link":"https:\/\/keepmesafe.click\/sl\/section1\/","title":{"rendered":"Understanding &#038; Discussing Sexual Abuse"},"content":{"rendered":"<div class=\"translation-block\">\n<table style=\"border-collapse: collapse; width: 100%; height: 100%;\">\n<tbody>\n<tr>\n<td style=\"width: 150px; height: 44px; vertical-align: middle;\"><img src=\"https:\/\/keepmesafe.click\/wp-content\/uploads\/2020\/10\/logo-cell-filler1.gif\" alt=\"\" width=\"100\" height=\"71\" \/><\/td>\n<td style=\"vertical-align: middle;\">\n<h4>1. <a href=\"#section-1\">Kaj je zloraba in kaj spolno nasilje?<\/a><\/h4>\n<\/td>\n<\/tr>\n<tr style=\"height: 24px;\">\n<td style=\"height: 24px;\"><img class=\"alignleft\" src=\"https:\/\/keepmesafe.click\/wp-content\/uploads\/2020\/10\/logo-cell-filler1.gif\" alt=\"\" width=\"100\" height=\"71\" \/><\/td>\n<td style=\"width: 113.965%;\">\n<h4>2. <a href=\"#section-2\">Znaki in simptomi<\/a><\/h4>\n<\/td>\n<\/tr>\n<tr style=\"height: 24px;\">\n<td style=\"height: 24px;\"><img class=\"alignleft\" src=\"https:\/\/keepmesafe.click\/wp-content\/uploads\/2020\/10\/logo-cell-filler1.gif\" alt=\"\" width=\"100\" height=\"71\" \/><\/td>\n<td>\n<h4>3. <a href=\"#section-3\">Kaj je &ldquo;grooming&ldquo;?<\/a><\/h4>\n<\/td>\n<\/tr>\n<tr style=\"height: 24px;\">\n<td style=\"height: 24px;\"><img class=\"alignleft\" src=\"https:\/\/keepmesafe.click\/wp-content\/uploads\/2020\/10\/logo-cell-filler1.gif\" alt=\"\" width=\"100\" height=\"71\" \/><\/td>\n<td style=\"width: 113.965%;\">\n<h4>4. <a href=\"#section-4\">Privolitev<\/a><\/h4>\n<\/td>\n<\/tr>\n<\/tbody>\n<\/table>\n<h4><img class=\"alignnone size-medium wp-image-196\" src=\"https:\/\/keepmesafe.click\/wp-content\/uploads\/2020\/11\/5-300x200.jpg\" sizes=\"(max-width: 300px) 100vw, 300px\" srcset=\"https:\/\/keepmesafe.click\/wp-content\/uploads\/2020\/11\/5-300x200.jpg 300w, https:\/\/keepmesafe.click\/wp-content\/uploads\/2020\/11\/5-16x12.jpg 16w, https:\/\/keepmesafe.click\/wp-content\/uploads\/2020\/11\/5-24x16.jpg 24w, https:\/\/keepmesafe.click\/wp-content\/uploads\/2020\/11\/5-36x24.jpg 36w, https:\/\/keepmesafe.click\/wp-content\/uploads\/2020\/11\/5-48x32.jpg 48w, https:\/\/keepmesafe.click\/wp-content\/uploads\/2020\/11\/5.jpg 640w\" alt=\"\" width=\"300\" height=\"200\" \/><\/h4>\n<h4 id=\"section-1\">1. Kaj je zloraba in kaj spolno nasilje?<\/h4>\n<p>Zloraba je oblika slabega ravnanja z otrokom. Nekdo lahko zlorabi otroka tako, da mu &scaron;koduje ali \u010de ne ukrepa, da bi prepre\u010dil &scaron;kodo.<\/p>\n<p>Otroka lahko zlorablja odrasla oseba ali drugi otroci.&nbsp;<\/p>\n<p><strong>Vrste zlorab:<\/strong><\/p>\n<p>Obstaja ve\u010d vrst zlorab. Nekateri vklju\u010dujejo<\/p>\n<ul>\n<li>Nasilje zaradi \u010dasti<\/li>\n<li>Zanemarjanje<\/li>\n<li>Fizi\u010dno nasilje<\/li>\n<li>\u010custveno nasilje<\/li>\n<li>Spolno nasilje<\/li>\n<\/ul>\n<p>Vsebina aplikacije se osredoto\u010da na spolno zlorabo ali nasilje.<\/p>\n<p><strong>Spolno nasilje<\/strong><\/p>\n<p>V literaturi se uporabljata izraza spolno nasilje in spolna zloraba. Oba izraza se lahko uporabi za opis spolnih odnosov, ki niso sporazumni in so vanje vklju\u010deni otroci, mladostniki ali odrasli. Za potrebe tega besedila uporabljamo izraz spolno nasilje.<\/p>\n<p><strong>Kaj je spolno nasilje?<\/strong><\/p>\n<p>Spolno naislje se zgodi, ko je oseba prisiljena v spolne aktivnosti. V\u010dasih \u017ertev niti ne razume, da je to, kar se ji dogaja, zloraba. Pogosto se tudi bojijo povedati, kaj se jim dogaja. Spolna zloraba se lahko zgodi kjer koli - tudi preko interneta.<\/p>\n<ul>\n<li>Obstajata dve vrsti spolnega nasilja - <strong><u>fizi\u010dno in psihi\u010dno<\/u><\/strong><\/li>\n<li>Ni nujno, da spolno nasilje vklju\u010duje tudi fizi\u010dno nasilje<\/li>\n<li>Otrok se morda ne zaveda, kaj se dogaja<\/li>\n<li>Spolno nasilje lahko izvajajo odrasli mo&scaron;ki, \u017eenske, otroci ali mladi<\/li>\n<\/ul>\n<p><img class=\"alignnone size-medium wp-image-208\" src=\"https:\/\/keepmesafe.click\/wp-content\/uploads\/2020\/11\/N64A7237-300x200.jpg\" sizes=\"(max-width: 300px) 100vw, 300px\" srcset=\"https:\/\/keepmesafe.click\/wp-content\/uploads\/2020\/11\/N64A7237-300x200.jpg 300w, https:\/\/keepmesafe.click\/wp-content\/uploads\/2020\/11\/N64A7237-16x12.jpg 16w, https:\/\/keepmesafe.click\/wp-content\/uploads\/2020\/11\/N64A7237-24x16.jpg 24w, https:\/\/keepmesafe.click\/wp-content\/uploads\/2020\/11\/N64A7237-36x24.jpg 36w, https:\/\/keepmesafe.click\/wp-content\/uploads\/2020\/11\/N64A7237-48x32.jpg 48w, https:\/\/keepmesafe.click\/wp-content\/uploads\/2020\/11\/N64A7237.jpg 600w\" alt=\"\" width=\"300\" height=\"200\" \/><\/p>\n<p><strong>Fizi\u010dna zloraba:<\/strong><\/p>\n<p>Povzro\u010ditelj se na kakr&scaron;en koli na\u010din dotakne otroka.<\/p>\n<ul>\n<li>Dotikanje katerega koli dela otrokovega telesa, ne glede na to, ali je oble\u010den ali ne<\/li>\n<li>Uporaba dela telesa ali predmeta za spolni odnos&nbsp;<\/li>\n<li>Siljenje otroka k spolnim aktivnostim<\/li>\n<li>Sla\u010denje otroka&nbsp;<\/li>\n<\/ul>\n<p><span style=\"color: #ff0000;\"><strong>Fizi\u010dna zloraba lahko vklju\u010duje poljubljanje, dotikanje in oralne spolne odnose, ni samo penetracija<\/strong><strong>.<\/strong><\/span><\/p>\n<p><strong>Psihi\u010dna zloraba:<\/strong><\/p>\n<p>Zloraba, pri kateri se povzro\u010ditelj otroka ne dotika. Lahko se zgodi v fizi\u010dnem prostoru, ali preko interneta.<\/p>\n<p>Primeri psihi\u010dne zlorabe<\/p>\n<ul>\n<li>Razgaljanje telesa<\/li>\n<li>Prikazovanje pornografskih vsebin<\/li>\n<li>Prisilno gledanje spolnih odnosov<\/li>\n<li>Siljenje k samozadovoljevanju<\/li>\n<li>Siljenje k pogovoru o spolnih vsebinah<\/li>\n<\/ul>\n<p><span style=\"color: #3366ff;\">Fizi\u010dni znaki, ki ka\u017eejo na spolno nasilje:<\/span><\/p>\n<ul>\n<li>Umazano ali krvavo spodnje perilo<\/li>\n<li>Modrice na zadnjici, trebuhu, stegnih, bokih, vratu<\/li>\n<li>Oznake ugriza ali praske na hrbtu, vratu, prsnem ko&scaron;u<\/li>\n<li>Po&scaron;kodbe (npr. sledi na zapestjih, rane na kolenih)<\/li>\n<li>Spolno prenosljive oku\u017ebe<\/li>\n<li>Nepri\u010dakovana nose\u010dnost, zlasti pri zelo mladih dekletih<\/li>\n<li>Nepojasnjene ponavljajo\u010de se oku\u017ebe se\u010dil, izcedki ali bole\u010dine v trebuhu<\/li>\n<li>Bole\u010dina ali srbenje v podro\u010dju genitalij ali ust<\/li>\n<\/ul>\n<p><span style=\"color: #3366ff;\">\u010custveni \/ vedenjski znaki, ki ka\u017eejo, da je&nbsp; otrok \u017ertev spolnega nasilja:<\/span><\/p>\n<ul>\n<li>Znanje povezano s spolnostjo ali seksualno vedenje starosti neprimerno<\/li>\n<li>Namigovanje na spolne aktivnosti<\/li>\n<li>Nenadne osebnostne spremembe&nbsp;<\/li>\n<li>Izogibanje stikom, osamljenost ali strah pred neznanimi ljudmi<\/li>\n<li>Pomanjkanje koncentracije, nemir<\/li>\n<li>Izolacija<\/li>\n<li>Nizka stopnja zaupanja odraslim osebam&nbsp;<\/li>\n<li>Poskusi samomora, samopo&scaron;kodovanje \/ pohabljanje<\/li>\n<li>Motnje hranjenja, napadi histerije<\/li>\n<li>Zloraba substanc<\/li>\n<\/ul>\n<p><span style=\"color: #3366ff;\">Kaj je grooming?<\/span><\/p>\n<p>Grooming pomeni navezovanje stikov z otroci predvsem prek interneta z namenom spolne zlorabe. Odrasli se lahko pretvarjajo, da so vrstniki svojih \u017ertev, da bi vzpostavili zaupanje pri mladoletni osebi. Na spletu za\u010dnejo pogovor s svojo potencialno \u017ertvijo in tako posku&scaron;ajo izvedeti njen naslov, interese, hobije in izku&scaron;nje v spolnosti. Z razli\u010dnimi triki posku&scaron;ajo otroke zapeljati v pogovore o spolnosti in nazadnje v sre\u010danje v \u017eivo.<\/p>\n<p><span style=\"color: #3366ff;\">Vrste groominga:<\/span><\/p>\n<p>Obstaja ve\u010d na\u010dinov pristopov k nagovarjanju otrok, med katerimi so najpogostej&scaron;i:<\/p>\n<ul>\n<li>Romanti\u010dna zveza<\/li>\n<li>Mentoriranje<\/li>\n<li>Avtoritativni pristop<\/li>\n<\/ul>\n<p>Izvajalec \u02ddgroominga\u02dd lahko uporablja ista spletna mesta, aplikacije in igre kot mladi, posveti se spoznavanju njihovih interesov in s tem gradi odnos z njimi.<\/p>\n<p>Internetno nova\u010denje otrok lahko poteka prek:<\/p>\n<ul>\n<li>Besedilnih, glasovnih in video klepetov<\/li>\n<li>Socialnih omre\u017eij<\/li>\n<li>Aplikacij za besedilna sporo\u010dila in sporo\u010dila<\/li>\n<li>Elektronske po&scaron;te<\/li>\n<\/ul>\n<p>Ne glede na to, ali gre za internetno ali neposredno komunikacijo z \u017ertvijo, povzro\u010ditelji lahko uporabljene naslednje strategije:<\/p>\n<ul>\n<li>Pretvarjanje, da so vrstniki \u017ertve<\/li>\n<li>Dajanje nasvetov in izkazovanje razumevanja<\/li>\n<li>Nakupovanje daril<\/li>\n<li>Posve\u010danje pozornosti<\/li>\n<li>\u017drtve odpljejo na izlet ali po\u010ditnice<\/li>\n<\/ul>\n<p>Povzro\u010ditelji lahko posku&scaron;ajo otroke tudi odtujiti od prijateljev in dru\u017eine, tako da postanejo odvisni od njih, jim dajo mo\u010d in nadzor. Lahko uporabijo metodo izsiljevanja ali \u017ertvi vzbujajo ob\u010dutek krivde in sramu, lahko jih tudi nadzorujejo in ustrahujejo.<\/p>\n<p>Pomembno je vedeti, da otroci in mladi morda ne bodo razumeli, da so \u017ertve nova\u010denja. Ob tem imajo lahko me&scaron;ane ob\u010dutke, kot so zvestoba, ob\u010dudovanje, ljubezen, stiska in zmedenost.<\/p>\n<p><span style=\"color: #3366ff;\">Znaki groominga:<\/span><\/p>\n<p>Zelo te\u017eko je ugotoviti, ali je otrok \u017ertev \u02ddgroominga\u02dd - znaki niso vedno o\u010ditni. Starej&scaron;i otroci se lahko vedejo na na\u010din, ki ga imamo za \"normalno\" najstni&scaron;ko obna&scaron;anje.<\/p>\n<p>Nekateri vidni znaki vklju\u010dujejo:<\/p>\n<ul>\n<li>Skrivanje na\u010dina pre\u017eivljanja prostega \u010dasa<\/li>\n<li>So v zvezi s starej&scaron;im fantom ali punco<\/li>\n<li>Imajo denar, nove stvari (npr. obla\u010dila, mobilni telefoni), katerih izvora ne znajo ali no\u010dejo pojasniti<\/li>\n<li>U\u017eivanje drog in alkohola<\/li>\n<li>Pre\u017eivijo veliko \u010dasa na internetu&nbsp;<\/li>\n<li>Se hitro razburijo<\/li>\n<li><a href=\"https:\/\/www.nspcc.org.uk\/keeping-children-safe\/sexual-behaviour-children\/\">Seksualizirano vedenje<\/a><u>, uporaba besed, ki niso primerne njihovi starosti<\/u><\/li>\n<li>Pre\u017eivijo veliko \u010dasa doma<\/li>\n<\/ul>\n<p>Otrok verjetno ne bo vedel, da je \u017ertev \u02ddgroominga\u02dd. Morda so zaskrbljeni ali zmedeni in redkeje govorijo z odraslo osebo, ki ji zaupajo. \u010ce vas skrbi otrokovo vedenje in se \u017eelite z njim pogovoriti o tem je na voljo spletna stran z <a href=\"https:\/\/www.nspcc.org.uk\/keeping-children-safe\/support-for-parents\/talking-about-difficult-topics\/\">nasveti<\/a>.&nbsp;<\/p>\n<p><span style=\"color: #3366ff;\">U\u010dinki groominga:<\/span><\/p>\n<p>\u02ddGrooming\u02dd ima lahko dolgoro\u010dne in kratkoro\u010dne u\u010dinke. Njegov vpliv je na vsakogar druga\u010den in lahko traja vse \u017eivljenje, ne glede na to, ali se je zgodilo v fizi\u010dnem prostoru ali preko interneta.<\/p>\n<p>Otrok ali mladostnik ima lahko naslednje te\u017eave:<\/p>\n<ul>\n<li style=\"list-style-type: none;\">\n<ul>\n<li style=\"list-style-type: none;\">\n<ul>\n<li>tesnoba in depresija<\/li>\n<li>motnje hranjenja<\/li>\n<li>posttravmatski stres<\/li>\n<li>neobvladovanje stresa<\/li>\n<li><a href=\"https:\/\/www.nspcc.org.uk\/keeping-children-safe\/keeping-children-safe\/self-harm\/\">samopo&scaron;kodovanje<\/a><\/li>\n<li><a href=\"https:\/\/www.nspcc.org.uk\/keeping-children-safe\/keeping-children-safe\/mental-health-suicidal-thoughts-children\/\">samomorilne misli<\/a><\/li>\n<\/ul>\n<p>&nbsp;<\/p>\n<\/li>\n<\/ul>\n<\/li>\n<\/ul>\n<h4 id=\"section-4\">Privolitev<\/h4>\n<p>Vsakdo ima pravico re\u010di \"ne\" spolnim odnosom, ne glede na to, ali je v preteklosti vanje \u017ee privolil. Spolni odnos brez privolitve je posilstvo.<\/p>\n<p>Ko je govora o privolitvi je potrebno upo&scaron;tevati naslednje:<\/p>\n<ul>\n<li style=\"list-style-type: none;\">\n<ul>\n<li style=\"list-style-type: none;\">\n<ul>\n<li>\u010ce je oseba mlaj&scaron;a od 16 let, zakonsko ni <strong>sposobna privoliti<\/strong> v spolne odnose.<\/li>\n<li>\u010ce je oseba v posebnem stanju (npr. nezavestna), nima <strong>mo\u017enosti, da bi dala privolitev<\/strong>.<\/li>\n<li>\u010ce je oseba \u017ertev ugrabitve ali pridr\u017eana proti svoji volji, ne more&nbsp;<strong>svobodno privoliti <\/strong>v spolne odnose.<\/li>\n<\/ul>\n<\/li>\n<\/ul>\n<\/li>\n<\/ul>\n<p>&nbsp;<\/p>\n<p>\u010ce \u017eelite izvedeti ve\u010d o soglasju, obi&scaron;\u010dite na&scaron;o stran o <a href=\"https:\/\/uksaysnomore.org\/learn\/consent\/\">privolitvi<\/a> .<\/p>\n<p>&nbsp;<\/p>\n<\/div>","protected":false},"excerpt":{"rendered":"<p>1. What is abuse and what is sexual violence? 2. Signs and symptoms 3. What is Grooming? 4. Consent 1. What is abuse and what is sexual violence? Abuse is a form of maltreatment of a child. Somebody may abuse a child by inflicting harm or\u00a0failing to act to prevent harm. The child might be&hellip;&nbsp;<a href=\"https:\/\/keepmesafe.click\/sl\/section1\/\" class=\"\" rel=\"bookmark\">Preberi ve\u010d &raquo;<span class=\"screen-reader-text\">Understanding &#038; Discussing Sexual Abuse<\/span><\/a><\/p>","protected":false},"author":1,"featured_media":0,"parent":0,"menu_order":0,"comment_status":"closed","ping_status":"open","template":"","meta":{"neve_meta_sidebar":"","neve_meta_container":"","neve_meta_enable_content_width":"off","neve_meta_content_width":0,"neve_meta_title_alignment":"","neve_meta_author_avatar":"","neve_post_elements_order":"","neve_meta_disable_header":"","neve_meta_disable_footer":"","neve_meta_disable_title":""},"_links":{"self":[{"href":"https:\/\/keepmesafe.click\/sl\/wp-json\/wp\/v2\/pages\/70"}],"collection":[{"href":"https:\/\/keepmesafe.click\/sl\/wp-json\/wp\/v2\/pages"}],"about":[{"href":"https:\/\/keepmesafe.click\/sl\/wp-json\/wp\/v2\/types\/page"}],"author":[{"embeddable":true,"href":"https:\/\/keepmesafe.click\/sl\/wp-json\/wp\/v2\/users\/1"}],"replies":[{"embeddable":true,"href":"https:\/\/keepmesafe.click\/sl\/wp-json\/wp\/v2\/comments?post=70"}],"version-history":[{"count":43,"href":"https:\/\/keepmesafe.click\/sl\/wp-json\/wp\/v2\/pages\/70\/revisions"}],"predecessor-version":[{"id":221,"href":"https:\/\/keepmesafe.click\/sl\/wp-json\/wp\/v2\/pages\/70\/revisions\/221"}],"wp:attachment":[{"href":"https:\/\/keepmesafe.click\/sl\/wp-json\/wp\/v2\/media?parent=70"}],"curies":[{"name":"wp","href":"https:\/\/api.w.org\/{rel}","templated":true}]}}